{"id":760,"date":"2022-02-01T12:39:27","date_gmt":"2022-02-01T12:39:27","guid":{"rendered":"https:\/\/hd.studiomango.is\/?page_id=760"},"modified":"2026-04-13T19:51:22","modified_gmt":"2026-04-13T19:51:22","slug":"mannaudur","status":"publish","type":"page","link":"https:\/\/hd.is\/en\/fyrirtaekid\/mannaudur\/","title":{"rendered":"Human Resources"},"content":{"rendered":"<div data-elementor-type=\"wp-page\" data-elementor-id=\"760\" class=\"elementor elementor-760\">\n\t\t\t\t\t\t\t\t\t<section class=\"elementor-section elementor-top-section elementor-element elementor-element-2d8fe82 elementor-section-boxed elementor-section-height-default elementor-section-height-default\" data-id=\"2d8fe82\" data-element_type=\"section\" data-settings=\"{&quot;background_background&quot;:&quot;gradient&quot;,&quot;jet_parallax_layout_list&quot;:[]}\">\n\t\t\t\t\t\t<div class=\"elementor-container elementor-column-gap-no\">\n\t\t\t\t\t<div class=\"elementor-column elementor-col-100 elementor-top-column elementor-element elementor-element-520ab40\" data-id=\"520ab40\" data-element_type=\"column\" data-settings=\"{&quot;background_background&quot;:&quot;classic&quot;}\">\n\t\t\t<div class=\"elementor-widget-wrap elementor-element-populated\">\n\t\t\t\t\t\t\t\t<div class=\"elementor-element elementor-element-2effc8a elementor-widget__width-auto elementor-widget-mobile__width-auto elementor-absolute elementor-widget elementor-widget-shortcode\" data-id=\"2effc8a\" data-element_type=\"widget\" data-settings=\"{&quot;_position&quot;:&quot;absolute&quot;}\" data-widget_type=\"shortcode.default\">\n\t\t\t\t<div class=\"elementor-widget-container\">\n\t\t\t\t\t<div class=\"elementor-shortcode\"><nav aria-label=\"breadcrumbs\" class=\"rank-math-breadcrumb\"><p><span class=\"last\">HD<\/span><\/p><\/nav><\/div>\n\t\t\t\t<\/div>\n\t\t\t\t<\/div>\n\t\t\t\t<div class=\"elementor-element elementor-element-2caf2ea elementor-widget elementor-widget-heading\" data-id=\"2caf2ea\" data-element_type=\"widget\" data-widget_type=\"heading.default\">\n\t\t\t\t<div class=\"elementor-widget-container\">\n\t\t\t<h1 class=\"elementor-heading-title elementor-size-default\">Human Resources<\/h1>\t\t<\/div>\n\t\t\t\t<\/div>\n\t\t\t\t\t<\/div>\n\t\t<\/div>\n\t\t\t\t\t\t\t<\/div>\n\t\t<\/section>\n\t\t\t\t<section class=\"elementor-section elementor-top-section elementor-element elementor-element-744b49f elementor-reverse-tablet elementor-reverse-mobile elementor-section-boxed elementor-section-height-default elementor-section-height-default\" data-id=\"744b49f\" data-element_type=\"section\" data-settings=\"{&quot;jet_parallax_layout_list&quot;:[]}\">\n\t\t\t\t\t\t<div class=\"elementor-container elementor-column-gap-no\">\n\t\t\t\t\t<div class=\"elementor-column elementor-col-50 elementor-top-column elementor-element elementor-element-b47dbb0\" data-id=\"b47dbb0\" data-element_type=\"column\" data-settings=\"{&quot;background_background&quot;:&quot;classic&quot;}\">\n\t\t\t<div class=\"elementor-widget-wrap elementor-element-populated\">\n\t\t\t\t\t\t\t\t<div class=\"elementor-element elementor-element-9a8fb00 elementor-widget elementor-widget-text-editor\" data-id=\"9a8fb00\" data-element_type=\"widget\" data-widget_type=\"text-editor.default\">\n\t\t\t\t<div class=\"elementor-widget-container\">\n\t\t\t\t\t\t\t<p>Hj\u00e1 HD starfa yfir 200 manns \u00e1 starfsst\u00f6\u00f0vum okkar \u00ed K\u00f3pavogi, Mosfellsb\u00e6, Akureyri, Straumsv\u00edk og Grundartanga. Vi\u00f0 st\u00f6rfum \u00ed fj\u00f6lbreyttu og krefjandi umhverfi \u00fear sem \u00feekking og reynsla starfsf\u00f3lks skipta sk\u00f6pum.<\/p><p>We place strong emphasis on professionalism, teamwork, and a supportive work environment where everyone has the opportunity to grow and contribute. At HD \u2013 whether as skilled tradespeople, technically trained specialists, or office staff \u2013 our employees are given the support to develop in their roles, make full use of their abilities, and be part of a strong and cohesive team.<\/p><p>We offer a safe and professional work environment with clear processes, the latest technology, and a strong sense of teamwork. We are committed to hiring skilled and ambitious individuals who show initiative, take responsibility, and want to play an active role in shaping the company\u2019s future.<\/p><p><strong>Our core values \u2013 safety, integrity, service, and professionalism \u2013 serve as guiding principles in everything we do, every day.<\/strong><\/p>\t\t\t\t\t\t<\/div>\n\t\t\t\t<\/div>\n\t\t\t\t<div class=\"elementor-element elementor-element-a6680fc elementor-widget elementor-widget-button\" data-id=\"a6680fc\" data-element_type=\"widget\" data-no-translation=\"\" data-widget_type=\"button.default\">\n\t\t\t\t<div class=\"elementor-widget-container\">\n\t\t\t<style>.elementor-element-a6680fc{display:none !important}<\/style>\t\t<\/div>\n\t\t\t\t<\/div>\n\t\t\t\t<div class=\"elementor-element elementor-element-c19e787 elementor-widget elementor-widget-button\" data-id=\"c19e787\" data-element_type=\"widget\" data-no-translation=\"\" data-widget_type=\"button.default\">\n\t\t\t\t<div class=\"elementor-widget-container\">\n\t\t\t<style>.elementor-element-c19e787{display:none !important}<\/style>\t\t<\/div>\n\t\t\t\t<\/div>\n\t\t\t\t<div class=\"elementor-element elementor-element-664d0db elementor-widget elementor-widget-button\" data-id=\"664d0db\" data-element_type=\"widget\" data-no-translation=\"\" data-widget_type=\"button.default\">\n\t\t\t\t<div class=\"elementor-widget-container\">\n\t\t\t<style>.elementor-element-664d0db{display:none !important}<\/style>\t\t<\/div>\n\t\t\t\t<\/div>\n\t\t\t\t<div class=\"elementor-element elementor-element-0da6d71 elementor-widget elementor-widget-button\" data-id=\"0da6d71\" data-element_type=\"widget\" data-no-translation=\"\" data-widget_type=\"button.default\">\n\t\t\t\t<div class=\"elementor-widget-container\">\n\t\t\t\t\t<div class=\"elementor-button-wrapper\">\n\t\t\t<a href=\"https:\/\/hd.is\/fyrirtaekid\/stefnur\/#gildi-hd\" class=\"elementor-button-link elementor-button elementor-size-sm\" role=\"button\">\n\t\t\t\t\t\t<span class=\"elementor-button-content-wrapper\">\n\t\t\t\t\t\t\t<span class=\"elementor-button-icon elementor-align-icon-right\">\n\t\t\t\t<svg width=\"16\" height=\"28\" viewbox=\"0 0 16 28\" fill=\"none\" xmlns=\"http:\/\/www.w3.org\/2000\/svg\">\n<path d=\"M16 14L1.88235 0L1.50173e-06 1.86666L12.2353 14L0 26.1333L1.88235 28L16 14Z\" fill=\"url(#paint0_linear_159_2820)\"\/>\n<defs>\n<lineargradient id=\"paint0_linear_159_2820\" x1=\"15.9723\" y1=\"13.8593\" x2=\"-4.7026e-07\" y2=\"13.8593\" gradientunits=\"userSpaceOnUse\">\n<stop stop-color=\"#0B0B0B\"\/>\n<stop offset=\"1\" stop-color=\"#0B0B0B\" stop-opacity=\"0\"\/>\n<\/lineargradient>\n<\/defs>\n<\/svg>\n\t\t\t<\/span>\n\t\t\t\t\t\t<span class=\"elementor-button-text\">Core values of HD<\/span>\n\t\t<\/span>\n\t\t\t\t\t<\/a>\n\t\t<\/div>\n\t\t\t\t<\/div>\n\t\t\t\t<\/div>\n\t\t\t\t<div class=\"elementor-element elementor-element-7784e84 elementor-widget elementor-widget-button\" data-id=\"7784e84\" data-element_type=\"widget\" data-no-translation=\"\" data-widget_type=\"button.default\">\n\t\t\t\t<div class=\"elementor-widget-container\">\n\t\t\t\t\t<div class=\"elementor-button-wrapper\">\n\t\t\t<a href=\"https:\/\/hd.is\/fyrirtaekid\/stefnur\/#jafnlaunastefna\" class=\"elementor-button-link elementor-button elementor-size-sm\" role=\"button\">\n\t\t\t\t\t\t<span class=\"elementor-button-content-wrapper\">\n\t\t\t\t\t\t\t<span class=\"elementor-button-icon elementor-align-icon-right\">\n\t\t\t\t<svg width=\"16\" height=\"28\" viewbox=\"0 0 16 28\" fill=\"none\" xmlns=\"http:\/\/www.w3.org\/2000\/svg\">\n<path d=\"M16 14L1.88235 0L1.50173e-06 1.86666L12.2353 14L0 26.1333L1.88235 28L16 14Z\" fill=\"url(#paint0_linear_159_2820)\"\/>\n<defs>\n<lineargradient id=\"paint0_linear_159_2820\" x1=\"15.9723\" y1=\"13.8593\" x2=\"-4.7026e-07\" y2=\"13.8593\" gradientunits=\"userSpaceOnUse\">\n<stop stop-color=\"#0B0B0B\"\/>\n<stop offset=\"1\" stop-color=\"#0B0B0B\" stop-opacity=\"0\"\/>\n<\/lineargradient>\n<\/defs>\n<\/svg>\n\t\t\t<\/span>\n\t\t\t\t\t\t<span class=\"elementor-button-text\">Equal pay policy<\/span>\n\t\t<\/span>\n\t\t\t\t\t<\/a>\n\t\t<\/div>\n\t\t\t\t<\/div>\n\t\t\t\t<\/div>\n\t\t\t\t<div class=\"elementor-element elementor-element-f12fa05 elementor-widget elementor-widget-button\" data-id=\"f12fa05\" data-element_type=\"widget\" data-no-translation=\"\" data-widget_type=\"button.default\">\n\t\t\t\t<div class=\"elementor-widget-container\">\n\t\t\t\t\t<div class=\"elementor-button-wrapper\">\n\t\t\t<a href=\"https:\/\/hd.is\/fyrirtaekid\/mannaudur\/storf-i-bodi\/\" class=\"elementor-button-link elementor-button elementor-size-sm\" role=\"button\">\n\t\t\t\t\t\t<span class=\"elementor-button-content-wrapper\">\n\t\t\t\t\t\t\t<span class=\"elementor-button-icon elementor-align-icon-right\">\n\t\t\t\t<svg width=\"16\" height=\"28\" viewbox=\"0 0 16 28\" fill=\"none\" xmlns=\"http:\/\/www.w3.org\/2000\/svg\">\n<path d=\"M16 14L1.88235 0L1.50173e-06 1.86666L12.2353 14L0 26.1333L1.88235 28L16 14Z\" fill=\"url(#paint0_linear_159_2820)\"\/>\n<defs>\n<lineargradient id=\"paint0_linear_159_2820\" x1=\"15.9723\" y1=\"13.8593\" x2=\"-4.7026e-07\" y2=\"13.8593\" gradientunits=\"userSpaceOnUse\">\n<stop stop-color=\"#0B0B0B\"\/>\n<stop offset=\"1\" stop-color=\"#0B0B0B\" stop-opacity=\"0\"\/>\n<\/lineargradient>\n<\/defs>\n<\/svg>\n\t\t\t<\/span>\n\t\t\t\t\t\t<span class=\"elementor-button-text\">Apply for a job<\/span>\n\t\t<\/span>\n\t\t\t\t\t<\/a>\n\t\t<\/div>\n\t\t\t\t<\/div>\n\t\t\t\t<\/div>\n\t\t\t\t\t<\/div>\n\t\t<\/div>\n\t\t\t\t<div class=\"elementor-column elementor-col-50 elementor-top-column elementor-element elementor-element-66c60e9\" data-id=\"66c60e9\" data-element_type=\"column\">\n\t\t\t<div class=\"elementor-widget-wrap elementor-element-populated\">\n\t\t\t\t\t\t\t\t<div class=\"elementor-element elementor-element-16b08f6 elementor-widget elementor-widget-theme-post-featured-image elementor-widget-image\" data-id=\"16b08f6\" data-element_type=\"widget\" data-widget_type=\"theme-post-featured-image.default\">\n\t\t\t\t<div class=\"elementor-widget-container\">\n\t\t\t\t\t\t\t\t\t\t\t\t\t\t\t<img width=\"800\" height=\"533\" src=\"https:\/\/hd.is\/wp-content\/uploads\/2022\/01\/regular-monitoring.jpg\" class=\"attachment-large size-large\" alt=\"\" loading=\"lazy\" srcset=\"https:\/\/hd.is\/wp-content\/uploads\/2022\/01\/regular-monitoring.jpg 800w, https:\/\/hd.is\/wp-content\/uploads\/2022\/01\/regular-monitoring-300x200.jpg 300w, https:\/\/hd.is\/wp-content\/uploads\/2022\/01\/regular-monitoring-768x512.jpg 768w\" sizes=\"(max-width: 800px) 100vw, 800px\" \/>\t\t\t\t\t\t\t\t\t\t\t\t\t\t\t<\/div>\n\t\t\t\t<\/div>\n\t\t\t\t\t<\/div>\n\t\t<\/div>\n\t\t\t\t\t\t\t<\/div>\n\t\t<\/section>\n\t\t\t\t\t\t\t<\/div>","protected":false},"excerpt":{"rendered":"<p>Hj\u00e1 HD starfa yfir 200 manns \u00e1 starfsst\u00f6\u00f0vum okkar \u00ed K\u00f3pavogi, Mosfellsb\u00e6, Akureyri, Straumsv\u00edk og Grundartanga. Vi\u00f0 st\u00f6rfum \u00ed fj\u00f6lbreyttu og krefjandi umhverfi \u00fear sem \u00feekking og reynsla starfsf\u00f3lks skipta sk\u00f6pum. Vi\u00f0 leggjum \u00e1herslu \u00e1 fagmennsku, \u00f6fluga li\u00f0sheild og uppbyggilegt vinnuumhverfi \u00fear sem hver og einn f\u00e6r t\u00e6kif\u00e6ri til a\u00f0 vaxa og leggja sitt af [&hellip;]<\/p>","protected":false},"author":5,"featured_media":186,"parent":731,"menu_order":1,"comment_status":"closed","ping_status":"closed","template":"","meta":{"button-type":"None","external-link-url":"","video-lightbox-url":"","button-color":"#FFD200","button-text":""},"_links":{"self":[{"href":"https:\/\/hd.is\/en\/wp-json\/wp\/v2\/pages\/760"}],"collection":[{"href":"https:\/\/hd.is\/en\/wp-json\/wp\/v2\/pages"}],"about":[{"href":"https:\/\/hd.is\/en\/wp-json\/wp\/v2\/types\/page"}],"author":[{"embeddable":true,"href":"https:\/\/hd.is\/en\/wp-json\/wp\/v2\/users\/5"}],"replies":[{"embeddable":true,"href":"https:\/\/hd.is\/en\/wp-json\/wp\/v2\/comments?post=760"}],"version-history":[{"count":121,"href":"https:\/\/hd.is\/en\/wp-json\/wp\/v2\/pages\/760\/revisions"}],"predecessor-version":[{"id":9617,"href":"https:\/\/hd.is\/en\/wp-json\/wp\/v2\/pages\/760\/revisions\/9617"}],"up":[{"embeddable":true,"href":"https:\/\/hd.is\/en\/wp-json\/wp\/v2\/pages\/731"}],"wp:featuredmedia":[{"embeddable":true,"href":"https:\/\/hd.is\/en\/wp-json\/wp\/v2\/media\/186"}],"wp:attachment":[{"href":"https:\/\/hd.is\/en\/wp-json\/wp\/v2\/media?parent=760"}],"curies":[{"name":"wp","href":"https:\/\/api.w.org\/{rel}","templated":true}]}}