{"id":7421,"date":"2025-03-28T11:45:23","date_gmt":"2025-03-28T11:45:23","guid":{"rendered":"https:\/\/hd.is\/?page_id=7421"},"modified":"2026-03-04T15:25:07","modified_gmt":"2026-03-04T15:25:07","slug":"hd-og-samfelagid","status":"publish","type":"page","link":"https:\/\/hd.is\/en\/fyrirtaekid\/hd-og-samfelagid\/","title":{"rendered":"HD and our Community"},"content":{"rendered":"<div data-elementor-type=\"wp-page\" data-elementor-id=\"7421\" class=\"elementor elementor-7421\">\n\t\t\t\t\t\t\t\t\t<section class=\"elementor-section elementor-top-section elementor-element elementor-element-2d8fe82 elementor-section-boxed elementor-section-height-default elementor-section-height-default\" data-id=\"2d8fe82\" data-element_type=\"section\" data-settings=\"{&quot;background_background&quot;:&quot;gradient&quot;,&quot;jet_parallax_layout_list&quot;:[]}\">\n\t\t\t\t\t\t<div class=\"elementor-container elementor-column-gap-no\">\n\t\t\t\t\t<div class=\"elementor-column elementor-col-100 elementor-top-column elementor-element elementor-element-520ab40\" data-id=\"520ab40\" data-element_type=\"column\" data-settings=\"{&quot;background_background&quot;:&quot;classic&quot;}\">\n\t\t\t<div class=\"elementor-widget-wrap elementor-element-populated\">\n\t\t\t\t\t\t\t\t<div class=\"elementor-element elementor-element-2effc8a elementor-widget__width-auto elementor-widget-mobile__width-auto elementor-absolute elementor-widget elementor-widget-shortcode\" data-id=\"2effc8a\" data-element_type=\"widget\" data-settings=\"{&quot;_position&quot;:&quot;absolute&quot;}\" data-widget_type=\"shortcode.default\">\n\t\t\t\t<div class=\"elementor-widget-container\">\n\t\t\t\t\t<div class=\"elementor-shortcode\"><nav aria-label=\"breadcrumbs\" class=\"rank-math-breadcrumb\"><p><span class=\"last\">HD<\/span><\/p><\/nav><\/div>\n\t\t\t\t<\/div>\n\t\t\t\t<\/div>\n\t\t\t\t<div class=\"elementor-element elementor-element-2caf2ea elementor-widget__width-initial elementor-widget elementor-widget-heading\" data-id=\"2caf2ea\" data-element_type=\"widget\" data-widget_type=\"heading.default\">\n\t\t\t\t<div class=\"elementor-widget-container\">\n\t\t\t<h1 class=\"elementor-heading-title elementor-size-default\">HD and our Community<\/h1>\t\t<\/div>\n\t\t\t\t<\/div>\n\t\t\t\t\t<\/div>\n\t\t<\/div>\n\t\t\t\t\t\t\t<\/div>\n\t\t<\/section>\n\t\t\t\t<section class=\"elementor-section elementor-top-section elementor-element elementor-element-744b49f elementor-reverse-tablet elementor-reverse-mobile elementor-section-boxed elementor-section-height-default elementor-section-height-default\" data-id=\"744b49f\" data-element_type=\"section\" data-settings=\"{&quot;jet_parallax_layout_list&quot;:[]}\">\n\t\t\t\t\t\t<div class=\"elementor-container elementor-column-gap-no\">\n\t\t\t\t\t<div class=\"elementor-column elementor-col-50 elementor-top-column elementor-element elementor-element-b47dbb0\" data-id=\"b47dbb0\" data-element_type=\"column\" data-settings=\"{&quot;background_background&quot;:&quot;classic&quot;}\">\n\t\t\t<div class=\"elementor-widget-wrap elementor-element-populated\">\n\t\t\t\t\t\t\t\t<div class=\"elementor-element elementor-element-9a8fb00 elementor-widget elementor-widget-text-editor\" data-id=\"9a8fb00\" data-element_type=\"widget\" data-widget_type=\"text-editor.default\">\n\t\t\t\t<div class=\"elementor-widget-container\">\n\t\t\t\t\t\t\tHD vill vera virkur \u00fe\u00e1tttakandi \u00ed samf\u00e9laginu og sty\u00f0ja vi\u00f0 verkefni sem hafa j\u00e1kv\u00e6\u00f0 \u00e1hrif \u00ed n\u00e6rumhverfi okkar.\nMe\u00f0 styrkjum og samstarfi leggjum vi\u00f0 s\u00e9rstaka \u00e1herslu \u00e1 menntun, \u00feekkingar\u00f6flun og \u00fer\u00f3un \u00ed i\u00f0n- og t\u00e6knigreinum.\n\n<p>\n<p>\nGildi okkar \u2013\u00a0<a href=\"https:\/\/hd.is\/en\/fyrirtaekid\/stefnur\/#gildi-hd\" target=\"_blank\" rel=\"noopener\">safety, honesty, outstanding service  and professionalism.<\/a>\u00a0\u2013 lei\u00f0a okkur \u00ed daglegum rekstri og samskiptum vi\u00f0 starfsf\u00f3lk, birgja og vi\u00f0skiptavini.\nStyrktarstefna HD endurspeglar \u00feessi gildi og sty\u00f0ur vi\u00f0 verkefni sem tengjast kjarnastarfsemi f\u00e9lagsins e\u00f0a hafa j\u00e1kv\u00e6\u00f0 \u00e1hrif \u00ed samf\u00e9laginu \u00fear sem starfsst\u00f6\u00f0var okkar eru sta\u00f0settar.\n\n<\/p><strong>\u00c1herslur \u00ed styrktarstarfi\u00a0<\/strong>\n\n<p>Vi\u00f0 sty\u00f0jum verkefni sem samr\u00e6mast gildum okkar og hafa sk\u00fdra faglega e\u00f0a samf\u00e9lagslega sk\u00edrskotun. S\u00e9rst\u00f6k \u00e1hersla er l\u00f6g\u00f0 \u00e1 menntun og \u00feekkingar\u00f6flun, \u00fear sem vi\u00f0 sty\u00f0jum n\u00e1msf\u00f3lk \u00ed i\u00f0n- og t\u00e6knigreinum \u00e1 \u00f6llum sk\u00f3lastigum me\u00f0 \u00fea\u00f0 a\u00f0 markmi\u00f0i a\u00f0 efla h\u00e6fni framt\u00ed\u00f0arstarfsf\u00f3lks og stu\u00f0la a\u00f0 fram\u00fer\u00f3un greinarinnar. \u00c1hersla er l\u00f6g\u00f0 \u00e1:\n<ul>\n \t<li data-start=\"653\" data-end=\"737\"><strong data-start=\"653\" data-end=\"683\">N\u00fdsk\u00f6pun og t\u00e6kniframfarir:\n<\/strong>Hvatning til n\u00e1ms og starfs\u00fer\u00f3unar \u00ed i\u00f0n- og t\u00e6knigreinum<\/li>\n \t<li data-start=\"738\" data-end=\"852\">\n<p data-start=\"740\" data-end=\"852\"><strong data-start=\"740\" data-end=\"764\">Sj\u00e1lfb\u00e6rni og \u00e1byrg\u00f0:\n<\/strong>Stu\u00f0ningur vi\u00f0 verkefni sem efla sj\u00e1lfb\u00e6ra n\u00fdtingu au\u00f0linda og \u00e1byrga stj\u00f3rnarh\u00e6tti<\/p>\n<\/li>\n \t<li data-start=\"853\" data-end=\"943\">\n<p data-start=\"855\" data-end=\"943\"><strong data-start=\"855\" data-end=\"876\">Samf\u00e9lagsverkefni:<\/strong>\nVerkefni sem stu\u00f0la a\u00f0 j\u00e1kv\u00e6\u00f0um breytingum \u00ed n\u00e6rumhverfi okkar<\/p>\n<\/li>\n<\/ul>\n<\/p>Ums\u00f3knir skulu sendar rafr\u00e6nt \u00ed gegnum heimas\u00ed\u00f0u HD \u00e1samt vi\u00f0eigandi fylgig\u00f6gnum. Ums\u00f3knir um styrki eru teknar fyrir \u00e1rsfj\u00f3r\u00f0ungslega. Allar ums\u00f3knir eru metnar \u00e1 grundvelli styrktarstefnu HD og svar sent a\u00f0 \u00farvinnslu lokinni.\n\n<\/p><strong>Fyrirspurnir sendast \u00e1 <a href=\"mailto:styrkir@hd.is\">styrkir@hd.is<\/a><\/strong>\t\t\t\t\t\t<\/div>\n\t\t\t\t<\/div>\n\t\t\t\t<div class=\"elementor-element elementor-element-aa97bae elementor-button-align-stretch elementor-widget elementor-widget-form\" data-id=\"aa97bae\" data-element_type=\"widget\" data-settings=\"{&quot;step_next_label&quot;:&quot;Next&quot;,&quot;step_previous_label&quot;:&quot;Previous&quot;,&quot;button_width&quot;:&quot;100&quot;,&quot;step_type&quot;:&quot;number_text&quot;,&quot;step_icon_shape&quot;:&quot;circle&quot;}\" data-widget_type=\"form.default\">\n\t\t\t\t<div class=\"elementor-widget-container\">\n\t\t\t\t\t<form class=\"elementor-form\" method=\"post\" name=\"Grant Request\" action=\"\">\n\t\t\t<input type=\"hidden\" name=\"post_id\" value=\"7421\"\/>\n\t\t\t<input type=\"hidden\" name=\"form_id\" value=\"aa97bae\"\/>\n\t\t\t<input type=\"hidden\" name=\"referer_title\" value=\"\" \/>\n\n\t\t\t\n\t\t\t<div class=\"elementor-form-fields-wrapper elementor-labels-above\">\n\t\t\t\t\t\t\t\t<div class=\"elementor-field-type-select elementor-field-group elementor-column elementor-field-group-name elementor-col-100 elementor-field-required elementor-mark-required\">\n\t\t\t\t\t\t\t\t\t\t\t\t<label for=\"form-field-name\" class=\"elementor-field-label\">\n\t\t\t\t\t\t\t\tVeldu vi\u00f0eigandi m\u00e1lefnaflokk fyrir styrktarbei\u00f0nina:\t\t\t\t\t\t\t<\/label>\n\t\t\t\t\t\t\t\t<div class=\"elementor-field elementor-select-wrapper\">\n\t\t\t<select name=\"form_fields[name]\" id=\"form-field-name\" class=\"elementor-field-textual elementor-size-sm\" required=\"required\" aria-required=\"true\">\n\t\t\t\t\t\t\t\t\t<option value=\"G\u00f3\u00f0ger\u00f0arm\u00e1l\">G\u00f3\u00f0ger\u00f0arm\u00e1l<\/option>\n\t\t\t\t\t\t\t\t\t<option value=\"Sk\u00f3la- e\u00f0a Menntam\u00e1l\">Sk\u00f3la- e\u00f0a Menntam\u00e1l<\/option>\n\t\t\t\t\t\t\t\t\t<option value=\"Samf\u00e9lagsm\u00e1l\">Samf\u00e9lagsm\u00e1l<\/option>\n\t\t\t\t\t\t\t\t\t<option value=\"\u00cd\u00fer\u00f3ttam\u00e1l\">\u00cd\u00fer\u00f3ttam\u00e1l<\/option>\n\t\t\t\t\t\t\t\t\t<option value=\"Anna\u00f0\">Anna\u00f0<\/option>\n\t\t\t\t\t\t\t<\/select>\n\t\t<\/div>\n\t\t\t\t\t\t<\/div>\n\t\t\t\t\t\t\t\t<div class=\"elementor-field-type-html elementor-field-group elementor-column elementor-field-group-email elementor-col-100\">\n\t\t\t\t\t<h3>Uppl\u00fdsingar um ums\u00e6kjanda: <\/h3>\t\t\t\t<\/div>\n\t\t\t\t\t\t\t\t<div class=\"elementor-field-type-text elementor-field-group elementor-column elementor-field-group-message elementor-col-100 elementor-field-required elementor-mark-required\">\n\t\t\t\t\t\t\t\t\t\t\t\t<label for=\"form-field-message\" class=\"elementor-field-label\">\n\t\t\t\t\t\t\t\tNafn ums\u00e6kjanda \/ stofnunar \/ samtaka \/ verkefnis:\t\t\t\t\t\t\t<\/label>\n\t\t\t\t\t\t\t\t\t\t\t\t\t\t<input size=\"1\" type=\"text\" name=\"form_fields[message]\" id=\"form-field-message\" class=\"elementor-field elementor-size-sm  elementor-field-textual\" required=\"required\" aria-required=\"true\">\n\t\t\t\t\t\t\t\t\t\t\t<\/div>\n\t\t\t\t\t\t\t\t<div class=\"elementor-field-type-text elementor-field-group elementor-column elementor-field-group-field_d08bc21 elementor-col-100 elementor-field-required elementor-mark-required\">\n\t\t\t\t\t\t\t\t\t\t\t\t<label for=\"form-field-field_d08bc21\" class=\"elementor-field-label\">\n\t\t\t\t\t\t\t\tKennitala:\t\t\t\t\t\t\t<\/label>\n\t\t\t\t\t\t\t\t\t\t\t\t\t\t<input size=\"1\" type=\"text\" name=\"form_fields[field_d08bc21]\" id=\"form-field-field_d08bc21\" class=\"elementor-field elementor-size-sm  elementor-field-textual\" required=\"required\" aria-required=\"true\">\n\t\t\t\t\t\t\t\t\t\t\t<\/div>\n\t\t\t\t\t\t\t\t<div class=\"elementor-field-type-text elementor-field-group elementor-column elementor-field-group-field_a0c8650 elementor-col-100 elementor-field-required elementor-mark-required\">\n\t\t\t\t\t\t\t\t\t\t\t\t<label for=\"form-field-field_a0c8650\" class=\"elementor-field-label\">\n\t\t\t\t\t\t\t\tTengili\u00f0ur (nafn):\u00a0\t\t\t\t\t\t\t<\/label>\n\t\t\t\t\t\t\t\t\t\t\t\t\t\t<input size=\"1\" type=\"text\" name=\"form_fields[field_a0c8650]\" id=\"form-field-field_a0c8650\" class=\"elementor-field elementor-size-sm  elementor-field-textual\" required=\"required\" aria-required=\"true\">\n\t\t\t\t\t\t\t\t\t\t\t<\/div>\n\t\t\t\t\t\t\t\t<div class=\"elementor-field-type-email elementor-field-group elementor-column elementor-field-group-field_21e63aa elementor-col-100 elementor-field-required elementor-mark-required\">\n\t\t\t\t\t\t\t\t\t\t\t\t<label for=\"form-field-field_21e63aa\" class=\"elementor-field-label\">\n\t\t\t\t\t\t\t\tNetfang:\u00a0\t\t\t\t\t\t\t<\/label>\n\t\t\t\t\t\t\t\t\t\t\t\t\t\t<input size=\"1\" type=\"email\" name=\"form_fields[field_21e63aa]\" id=\"form-field-field_21e63aa\" class=\"elementor-field elementor-size-sm  elementor-field-textual\" required=\"required\" aria-required=\"true\">\n\t\t\t\t\t\t\t\t\t\t\t<\/div>\n\t\t\t\t\t\t\t\t<div class=\"elementor-field-type-tel elementor-field-group elementor-column elementor-field-group-field_653ebdc elementor-col-100 elementor-field-required elementor-mark-required\">\n\t\t\t\t\t\t\t\t\t\t\t\t<label for=\"form-field-field_653ebdc\" class=\"elementor-field-label\">\n\t\t\t\t\t\t\t\tS\u00edman\u00famer:\u00a0\t\t\t\t\t\t\t<\/label>\n\t\t\t\t\t\t\t\t<input size=\"1\" type=\"tel\" name=\"form_fields[field_653ebdc]\" id=\"form-field-field_653ebdc\" class=\"elementor-field elementor-size-sm  elementor-field-textual\" required=\"required\" aria-required=\"true\" pattern=\"[0-9()#&amp;+*-=.]+\" title=\"Only numbers and phone characters (#, -, *, etc) are accepted.\">\n\n\t\t\t\t\t\t<\/div>\n\t\t\t\t\t\t\t\t<div class=\"elementor-field-type-text elementor-field-group elementor-column elementor-field-group-field_7dfdb27 elementor-col-100\">\n\t\t\t\t\t\t\t\t\t\t\t\t<label for=\"form-field-field_7dfdb27\" class=\"elementor-field-label\">\n\t\t\t\t\t\t\t\tVefs\u00ed\u00f0a (ef til er):\t\t\t\t\t\t\t<\/label>\n\t\t\t\t\t\t\t\t\t\t\t\t\t\t<input size=\"1\" type=\"text\" name=\"form_fields[field_7dfdb27]\" id=\"form-field-field_7dfdb27\" class=\"elementor-field elementor-size-sm  elementor-field-textual\">\n\t\t\t\t\t\t\t\t\t\t\t<\/div>\n\t\t\t\t\t\t\t\t<div class=\"elementor-field-type-html elementor-field-group elementor-column elementor-field-group-field_821af13 elementor-col-100\">\n\t\t\t\t\t<h3>Uppl\u00fdsingar um verkefni<\/h3>\t\t\t\t<\/div>\n\t\t\t\t\t\t\t\t<div class=\"elementor-field-type-textarea elementor-field-group elementor-column elementor-field-group-field_f466a21 elementor-col-100 elementor-field-required elementor-mark-required\">\n\t\t\t\t\t\t\t\t\t\t\t\t<label for=\"form-field-field_f466a21\" class=\"elementor-field-label\">\n\t\t\t\t\t\t\t\tL\u00fdsing \u00e1 verkefni: (markmi\u00f0 og tilgangur verkefnis)\t\t\t\t\t\t\t<\/label>\n\t\t\t\t\t\t<textarea class=\"elementor-field-textual elementor-field  elementor-size-sm\" name=\"form_fields[field_f466a21]\" id=\"form-field-field_f466a21\" rows=\"4\" required=\"required\" aria-required=\"true\"><\/textarea>\t\t\t\t<\/div>\n\t\t\t\t\t\t\t\t<div class=\"elementor-field-type-text elementor-field-group elementor-column elementor-field-group-field_4d0cd87 elementor-col-100\">\n\t\t\t\t\t\t\t\t\t\t\t\t<label for=\"form-field-field_4d0cd87\" class=\"elementor-field-label\">\n\t\t\t\t\t\t\t\tTengsl verkefnisins vi\u00f0 starfssta\u00f0i HD (ef einhver eru)?\t\t\t\t\t\t\t<\/label>\n\t\t\t\t\t\t\t\t\t\t\t\t\t\t<input size=\"1\" type=\"text\" name=\"form_fields[field_4d0cd87]\" id=\"form-field-field_4d0cd87\" class=\"elementor-field elementor-size-sm  elementor-field-textual\">\n\t\t\t\t\t\t\t\t\t\t\t<\/div>\n\t\t\t\t\t\t\t\t<div class=\"elementor-field-type-text elementor-field-group elementor-column elementor-field-group-field_c1d322f elementor-col-100 elementor-field-required elementor-mark-required\">\n\t\t\t\t\t\t\t\t\t\t\t\t<label for=\"form-field-field_c1d322f\" class=\"elementor-field-label\">\n\t\t\t\t\t\t\t\tT\u00edmarammi verkefnisins:\u00a0\t\t\t\t\t\t\t<\/label>\n\t\t\t\t\t\t\t\t\t\t\t\t\t\t<input size=\"1\" type=\"text\" name=\"form_fields[field_c1d322f]\" id=\"form-field-field_c1d322f\" class=\"elementor-field elementor-size-sm  elementor-field-textual\" required=\"required\" aria-required=\"true\">\n\t\t\t\t\t\t\t\t\t\t\t<\/div>\n\t\t\t\t\t\t\t\t<div class=\"elementor-field-type-text elementor-field-group elementor-column elementor-field-group-field_f833dae elementor-col-100 elementor-field-required elementor-mark-required\">\n\t\t\t\t\t\t\t\t\t\t\t\t<label for=\"form-field-field_f833dae\" class=\"elementor-field-label\">\n\t\t\t\t\t\t\t\tUpph\u00e6\u00f0 styrks sem \u00f3ska\u00f0 er eftir:\u00a0\t\t\t\t\t\t\t<\/label>\n\t\t\t\t\t\t\t\t\t\t\t\t\t\t<input size=\"1\" type=\"text\" name=\"form_fields[field_f833dae]\" id=\"form-field-field_f833dae\" class=\"elementor-field elementor-size-sm  elementor-field-textual\" required=\"required\" aria-required=\"true\">\n\t\t\t\t\t\t\t\t\t\t\t<\/div>\n\t\t\t\t\t\t\t\t<div class=\"elementor-field-type-html elementor-field-group elementor-column elementor-field-group-field_250cc83 elementor-col-100\">\n\t\t\t\t\t<h3>Anna\u00f0<\/h3>\t\t\t\t<\/div>\n\t\t\t\t\t\t\t\t<div class=\"elementor-field-type-upload elementor-field-group elementor-column elementor-field-group-field_cd1a3e2 elementor-col-100\">\n\t\t\t\t\t\t\t\t\t\t\t\t<label for=\"form-field-field_cd1a3e2\" class=\"elementor-field-label\">\n\t\t\t\t\t\t\t\tEr til kynningarefni (pdf, jpg, png,docx, doc)? \t\t\t\t\t\t\t<\/label>\n\t\t\t\t\t\t\t\t<input type=\"file\" name=\"form_fields[field_cd1a3e2][]\" id=\"form-field-field_cd1a3e2\" class=\"elementor-field elementor-size-sm  elementor-upload-field\" multiple=\"multiple\" data-maxsize=\"10\" data-maxsize-message=\"This file exceeds the maximum allowed size.\">\n\n\t\t\t\t\t\t<\/div>\n\t\t\t\t\t\t\t\t<div class=\"elementor-field-type-text elementor-field-group elementor-column elementor-field-group-field_6cad630 elementor-col-100\">\n\t\t\t\t\t\t\t\t\t\t\t\t<label for=\"form-field-field_6cad630\" class=\"elementor-field-label\">\n\t\t\t\t\t\t\t\tHefur ums\u00e6kjandi fengi\u00f0 styrk fr\u00e1 HD \u00e1\u00f0ur? Ef svo er, hva\u00f0a verkefni og hva\u00f0a upph\u00e6\u00f0?\t\t\t\t\t\t\t<\/label>\n\t\t\t\t\t\t\t\t\t\t\t\t\t\t<input size=\"1\" type=\"text\" name=\"form_fields[field_6cad630]\" id=\"form-field-field_6cad630\" class=\"elementor-field elementor-size-sm  elementor-field-textual\">\n\t\t\t\t\t\t\t\t\t\t\t<\/div>\n\t\t\t\t\t\t\t\t<div class=\"elementor-field-group elementor-column elementor-field-type-submit elementor-col-100 e-form__buttons\">\n\t\t\t\t\t<button type=\"submit\" class=\"elementor-button elementor-size-sm\">\n\t\t\t\t\t\t<span >\n\t\t\t\t\t\t\t\t\t\t\t\t\t\t\t<span class=\"elementor-button-icon\">\n\t\t\t\t\t\t\t\t\t\t\t\t\t\t\t\t\t\t\t\t\t\t\t\t\t\t<\/span>\n\t\t\t\t\t\t\t\t\t\t\t\t\t\t\t\t\t\t\t\t\t\t<span class=\"elementor-button-text\">Senda<\/span>\n\t\t\t\t\t\t\t\t\t\t\t\t\t<\/span>\n\t\t\t\t\t<\/button>\n\t\t\t\t<\/div>\n\t\t\t<\/div>\n\t\t<input type=\"hidden\" name=\"trp-form-language\" value=\"en\"\/><\/form>\n\t\t\t\t<\/div>\n\t\t\t\t<\/div>\n\t\t\t\t\t<\/div>\n\t\t<\/div>\n\t\t\t\t<div class=\"elementor-column elementor-col-50 elementor-top-column elementor-element elementor-element-66c60e9\" data-id=\"66c60e9\" data-element_type=\"column\">\n\t\t\t<div class=\"elementor-widget-wrap elementor-element-populated\">\n\t\t\t\t\t\t\t\t<div class=\"elementor-element elementor-element-16b08f6 elementor-widget elementor-widget-theme-post-featured-image elementor-widget-image\" data-id=\"16b08f6\" data-element_type=\"widget\" data-widget_type=\"theme-post-featured-image.default\">\n\t\t\t\t<div class=\"elementor-widget-container\">\n\t\t\t\t\t\t\t\t\t\t\t\t<figure class=\"wp-caption\">\n\t\t\t\t\t\t\t\t\t\t\t<a href=\"https:\/\/hd.is\/en\/hd-midlar-jardhitathekkingu-i-althjodlegu-samstarfi\/\">\n\t\t\t\t\t\t\t<img width=\"800\" height=\"600\" src=\"https:\/\/hd.is\/wp-content\/uploads\/2025\/07\/IMG_9271-1024x768.jpeg\" class=\"attachment-large size-large\" alt=\"\" loading=\"lazy\" srcset=\"https:\/\/hd.is\/wp-content\/uploads\/2025\/07\/IMG_9271-1024x768.jpeg 1024w, https:\/\/hd.is\/wp-content\/uploads\/2025\/07\/IMG_9271-300x225.jpeg 300w, https:\/\/hd.is\/wp-content\/uploads\/2025\/07\/IMG_9271-768x576.jpeg 768w, https:\/\/hd.is\/wp-content\/uploads\/2025\/07\/IMG_9271-1536x1152.jpeg 1536w, https:\/\/hd.is\/wp-content\/uploads\/2025\/07\/IMG_9271-2048x1536.jpeg 2048w, https:\/\/hd.is\/wp-content\/uploads\/2025\/07\/IMG_9271-16x12.jpeg 16w\" sizes=\"(max-width: 800px) 100vw, 800px\" \/>\t\t\t\t\t\t\t\t<\/a>\n\t\t\t\t\t\t\t\t\t\t\t<figcaption class=\"widget-image-caption wp-caption-text\">Teki\u00f0 \u00e1 m\u00f3ti nemendum \u00ed GR\u00d3 Geothermal Training Programme.<\/figcaption>\n\t\t\t\t\t\t\t\t\t\t<\/figure>\n\t\t\t\t\t\t\t\t\t<\/div>\n\t\t\t\t<\/div>\n\t\t\t\t\t<\/div>\n\t\t<\/div>\n\t\t\t\t\t\t\t<\/div>\n\t\t<\/section>\n\t\t\t\t\t\t\t<\/div>","protected":false},"excerpt":{"rendered":"<p>HD vill vera virkur \u00fe\u00e1tttakandi \u00ed samf\u00e9laginu og sty\u00f0ja vi\u00f0 verkefni sem hafa j\u00e1kv\u00e6\u00f0 \u00e1hrif \u00ed n\u00e6rumhverfi okkar. Me\u00f0 styrkjum og samstarfi leggjum vi\u00f0 s\u00e9rstaka \u00e1herslu \u00e1 menntun, \u00feekkingar\u00f6flun og \u00fer\u00f3un \u00ed i\u00f0n- og t\u00e6knigreinum. Gildi okkar \u2013\u00a0\u00f6ryggi, hei\u00f0arleiki, \u00fej\u00f3nustulund og fagmennska\u00a0\u2013 lei\u00f0a okkur \u00ed daglegum rekstri og samskiptum vi\u00f0 starfsf\u00f3lk, birgja og vi\u00f0skiptavini. Styrktarstefna [&hellip;]<\/p>","protected":false},"author":1,"featured_media":8086,"parent":731,"menu_order":5,"comment_status":"closed","ping_status":"closed","template":"","meta":{"button-type":"None","external-link-url":"","video-lightbox-url":"","button-color":"#FFD200","button-text":""},"_links":{"self":[{"href":"https:\/\/hd.is\/en\/wp-json\/wp\/v2\/pages\/7421"}],"collection":[{"href":"https:\/\/hd.is\/en\/wp-json\/wp\/v2\/pages"}],"about":[{"href":"https:\/\/hd.is\/en\/wp-json\/wp\/v2\/types\/page"}],"author":[{"embeddable":true,"href":"https:\/\/hd.is\/en\/wp-json\/wp\/v2\/users\/1"}],"replies":[{"embeddable":true,"href":"https:\/\/hd.is\/en\/wp-json\/wp\/v2\/comments?post=7421"}],"version-history":[{"count":161,"href":"https:\/\/hd.is\/en\/wp-json\/wp\/v2\/pages\/7421\/revisions"}],"predecessor-version":[{"id":9286,"href":"https:\/\/hd.is\/en\/wp-json\/wp\/v2\/pages\/7421\/revisions\/9286"}],"up":[{"embeddable":true,"href":"https:\/\/hd.is\/en\/wp-json\/wp\/v2\/pages\/731"}],"wp:featuredmedia":[{"embeddable":true,"href":"https:\/\/hd.is\/en\/wp-json\/wp\/v2\/media\/8086"}],"wp:attachment":[{"href":"https:\/\/hd.is\/en\/wp-json\/wp\/v2\/media?parent=7421"}],"curies":[{"name":"wp","href":"https:\/\/api.w.org\/{rel}","templated":true}]}}