{"id":7317,"date":"2025-03-10T16:18:56","date_gmt":"2025-03-10T16:18:56","guid":{"rendered":"https:\/\/hd.is\/?page_id=7317"},"modified":"2025-10-27T14:10:45","modified_gmt":"2025-10-27T14:10:45","slug":"hd-dagurinn","status":"publish","type":"page","link":"https:\/\/hd.is\/en\/fyrirtaekid\/hd-dagurinn\/","title":{"rendered":"HD Customer Event 2025"},"content":{"rendered":"<div data-elementor-type=\"wp-page\" data-elementor-id=\"7317\" class=\"elementor elementor-7317\">\n\t\t\t\t\t\t\t\t\t<section class=\"elementor-section elementor-top-section elementor-element elementor-element-2d8fe82 elementor-section-boxed elementor-section-height-default elementor-section-height-default\" data-id=\"2d8fe82\" data-element_type=\"section\" data-settings=\"{&quot;background_background&quot;:&quot;gradient&quot;,&quot;jet_parallax_layout_list&quot;:[]}\">\n\t\t\t\t\t\t<div class=\"elementor-container elementor-column-gap-no\">\n\t\t\t\t\t<div class=\"elementor-column elementor-col-100 elementor-top-column elementor-element elementor-element-520ab40\" data-id=\"520ab40\" data-element_type=\"column\" data-settings=\"{&quot;background_background&quot;:&quot;classic&quot;}\">\n\t\t\t<div class=\"elementor-widget-wrap elementor-element-populated\">\n\t\t\t\t\t\t\t\t<div class=\"elementor-element elementor-element-2effc8a elementor-widget__width-auto elementor-widget-mobile__width-auto elementor-absolute elementor-widget elementor-widget-shortcode\" data-id=\"2effc8a\" data-element_type=\"widget\" data-settings=\"{&quot;_position&quot;:&quot;absolute&quot;}\" data-widget_type=\"shortcode.default\">\n\t\t\t\t<div class=\"elementor-widget-container\">\n\t\t\t\t\t<div class=\"elementor-shortcode\"><nav aria-label=\"breadcrumbs\" class=\"rank-math-breadcrumb\"><p><span class=\"last\">HD<\/span><\/p><\/nav><\/div>\n\t\t\t\t<\/div>\n\t\t\t\t<\/div>\n\t\t\t\t<div class=\"elementor-element elementor-element-2caf2ea elementor-widget elementor-widget-heading\" data-id=\"2caf2ea\" data-element_type=\"widget\" data-widget_type=\"heading.default\">\n\t\t\t\t<div class=\"elementor-widget-container\">\n\t\t\t<h1 class=\"elementor-heading-title elementor-size-default\">HD Customer Event 2025<\/h1>\t\t<\/div>\n\t\t\t\t<\/div>\n\t\t\t\t\t<\/div>\n\t\t<\/div>\n\t\t\t\t\t\t\t<\/div>\n\t\t<\/section>\n\t\t\t\t<section class=\"elementor-section elementor-top-section elementor-element elementor-element-744b49f elementor-reverse-tablet elementor-reverse-mobile elementor-section-boxed elementor-section-height-default elementor-section-height-default\" data-id=\"744b49f\" data-element_type=\"section\" data-settings=\"{&quot;jet_parallax_layout_list&quot;:[]}\">\n\t\t\t\t\t\t<div class=\"elementor-container elementor-column-gap-no\">\n\t\t\t\t\t<div class=\"elementor-column elementor-col-50 elementor-top-column elementor-element elementor-element-b47dbb0\" data-id=\"b47dbb0\" data-element_type=\"column\" data-settings=\"{&quot;background_background&quot;:&quot;classic&quot;}\">\n\t\t\t<div class=\"elementor-widget-wrap elementor-element-populated\">\n\t\t\t\t\t\t\t\t<div class=\"elementor-element elementor-element-9a8fb00 elementor-widget elementor-widget-text-editor\" data-id=\"9a8fb00\" data-element_type=\"widget\" data-widget_type=\"text-editor.default\">\n\t\t\t\t<div class=\"elementor-widget-container\">\n\t\t\t\t\t\t\t<h3 data-start=\"142\" data-end=\"213\"><strong data-start=\"146\" data-end=\"211\">Vel heppna\u00f0ur HD Dagur\u00a0<\/strong><\/h3><p data-start=\"215\" data-end=\"458\">HD Dagurinn f\u00f3r fram 10. apr\u00edl 2025 og heppna\u00f0ist fr\u00e1b\u00e6rlega. Gestir komu v\u00ed\u00f0a a\u00f0 og \u00far \u00f6llum \u00feeim atvinnugreinum sem HD \u00fej\u00f3nustar. Vi\u00f0bur\u00f0urinn sameina\u00f0i fr\u00e6\u00f0andi erindi, kynningu \u00e1 t\u00e6knin\u00fdjungum og g\u00f3\u00f0 samt\u00f6l milli gesta, s\u00e9rfr\u00e6\u00f0inga HD og erlendra birgja.<\/p><p data-start=\"460\" data-end=\"642\">Erindi dagsins beindust a\u00f0 lykil\u00e1herslum \u00ed starfsemi HD \u2013 \u00f6flugri og s\u00e9rh\u00e6f\u00f0ri i\u00f0n- og t\u00e6kni\u00fej\u00f3nustu sem stu\u00f0lar a\u00f0 auknu \u00f6ryggi, \u00e1rei\u00f0anleika og hagkv\u00e6mni \u00ed rekstri vi\u00f0skiptavina.<\/p><p data-start=\"644\" data-end=\"859\">HD b\u00fdr yfir mikilli reynslu og s\u00e9r\u00feekkingu \u00ed sj\u00e1var\u00fatvegi og orkui\u00f0na\u00f0i og er jafnframt eina fyrirt\u00e6ki\u00f0 \u00e1 \u00cdslandi sem sinnir vi\u00f0ger\u00f0um \u00e1 r\u00f3t\u00f3rum. \u00deessi s\u00e9rsta\u00f0a styrkir rekstrar\u00f6ryggi \u00edslenskra fyrirt\u00e6kja og dregur \u00far \u00fe\u00f6rf fyrir kostna\u00f0arsama erlenda \u00fej\u00f3nustu.<\/p><p data-start=\"861\" data-end=\"992\">Dagskr\u00e1 lauk me\u00f0 \u00fev\u00ed a\u00f0 bo\u00f0i\u00f0 var upp \u00e1 lifandi t\u00f3nlist og veitingar \u00ed notalegu andr\u00famslofti.<\/p><p data-start=\"994\" data-end=\"1063\"><strong data-start=\"994\" data-end=\"1058\">Vi\u00f0 \u00fe\u00f6kkum \u00f6llum sem t\u00f3ku \u00fe\u00e1tt og hl\u00f6kkum til n\u00e6sta HD Dags &#8211; 2027.<\/strong><\/p>\t\t\t\t\t\t<\/div>\n\t\t\t\t<\/div>\n\t\t\t\t<div class=\"elementor-element elementor-element-0622def elementor-hidden-tablet elementor-hidden-mobile elementor-widget elementor-widget-image\" data-id=\"0622def\" data-element_type=\"widget\" data-widget_type=\"image.default\">\n\t\t\t\t<div class=\"elementor-widget-container\">\n\t\t\t\t\t\t\t\t\t\t\t\t\t\t\t<img width=\"800\" height=\"800\" src=\"https:\/\/hd.is\/wp-content\/uploads\/2025\/04\/dagskra-desktop-1024x1024.png\" class=\"attachment-large size-large\" alt=\"\" loading=\"lazy\" srcset=\"https:\/\/hd.is\/wp-content\/uploads\/2025\/04\/dagskra-desktop-1024x1024.png 1024w, https:\/\/hd.is\/wp-content\/uploads\/2025\/04\/dagskra-desktop-300x300.png 300w, https:\/\/hd.is\/wp-content\/uploads\/2025\/04\/dagskra-desktop-150x150.png 150w, https:\/\/hd.is\/wp-content\/uploads\/2025\/04\/dagskra-desktop-768x768.png 768w, https:\/\/hd.is\/wp-content\/uploads\/2025\/04\/dagskra-desktop-12x12.png 12w, https:\/\/hd.is\/wp-content\/uploads\/2025\/04\/dagskra-desktop.png 1440w\" sizes=\"(max-width: 800px) 100vw, 800px\" \/>\t\t\t\t\t\t\t\t\t\t\t\t\t\t\t<\/div>\n\t\t\t\t<\/div>\n\t\t\t\t<div class=\"elementor-element elementor-element-9e4e7e1 elementor-hidden-desktop elementor-hidden-tablet elementor-widget elementor-widget-image\" data-id=\"9e4e7e1\" data-element_type=\"widget\" data-widget_type=\"image.default\">\n\t\t\t\t<div class=\"elementor-widget-container\">\n\t\t\t\t\t\t\t\t\t\t\t\t\t\t\t<img width=\"576\" height=\"1024\" src=\"https:\/\/hd.is\/wp-content\/uploads\/2025\/04\/dagskra-mobile-576x1024.png\" class=\"attachment-large size-large\" alt=\"\" loading=\"lazy\" srcset=\"https:\/\/hd.is\/wp-content\/uploads\/2025\/04\/dagskra-mobile-576x1024.png 576w, https:\/\/hd.is\/wp-content\/uploads\/2025\/04\/dagskra-mobile-169x300.png 169w, https:\/\/hd.is\/wp-content\/uploads\/2025\/04\/dagskra-mobile-768x1365.png 768w, https:\/\/hd.is\/wp-content\/uploads\/2025\/04\/dagskra-mobile-864x1536.png 864w, https:\/\/hd.is\/wp-content\/uploads\/2025\/04\/dagskra-mobile-1152x2048.png 1152w, https:\/\/hd.is\/wp-content\/uploads\/2025\/04\/dagskra-mobile-7x12.png 7w, https:\/\/hd.is\/wp-content\/uploads\/2025\/04\/dagskra-mobile.png 1440w\" sizes=\"(max-width: 576px) 100vw, 576px\" \/>\t\t\t\t\t\t\t\t\t\t\t\t\t\t\t<\/div>\n\t\t\t\t<\/div>\n\t\t\t\t<div class=\"elementor-element elementor-element-31f543c elementor-widget elementor-widget-html\" data-id=\"31f543c\" data-element_type=\"widget\" data-widget_type=\"html.default\">\n\t\t\t\t<div class=\"elementor-widget-container\">\n\t\t\t\n<div id=\"mc_embed_shell\">\n      <link href=\"\/\/cdn-images.mailchimp.com\/embedcode\/classic-061523.css\" rel=\"stylesheet\" type=\"text\/css\">\n  <style type=\"text\/css\">\n        #mc_embed_signup{background:#fff; false;clear:left; font:14px Helvetica,Arial,sans-serif; width: auto;}\n        \/* Add your own Mailchimp form style overrides in your site stylesheet or in this style block.\n           We recommend moving this block and the preceding CSS link to the HEAD of your HTML file. *\/\n           #label {\n               vertical-align: top; !important\n           }\n           \n           #mc_embed_signup .mc-field-group.input-group input {\n               margin-right: 5px;\n           }\n           #mc_embed_signup form {\n               margin: 0px;\n           }\n           \n           #mc_embed_signup div#mce-responses {\n               padding: 0px;\n               margin:0px;\n           }\n           \n           #mc_embed_signup div.response {\n                padding: 0px;\n           }\n<\/style>\n<div id=\"mc_embed_signup\">\n    <form action=\"https:\/\/optima.us13.list-manage.com\/subscribe\/post?u=4f86ad1f90e75642f61c7b3a2&amp;id=57c76a1890&amp;f_id=0065e5e1f0\" method=\"post\" id=\"mc-embedded-subscribe-form\" name=\"mc-embedded-subscribe-form\" class=\"validate\" target=\"_blank\" data-trp-original-action=\"https:\/\/optima.us13.list-manage.com\/subscribe\/post?u=4f86ad1f90e75642f61c7b3a2&amp;id=57c76a1890&amp;f_id=0065e5e1f0\">\n        <div id=\"mc_embed_signup_scroll\"><h2>Skr\u00e1ning<\/h2>\n            <div class=\"indicates-required\"><span class=\"asterisk\">*<\/span> indicates required<\/div>\n            <div class=\"mc-field-group\"><label for=\"mce-FNAME\">Name <\/label><input type=\"text\" name=\"FNAME\" class=\"text\" id=\"mce-FNAME\" value=\"\"><\/div><div class=\"mc-field-group\"><label for=\"mce-EMAIL\">Netfang <span class=\"asterisk\">*<\/span><\/label><input type=\"email\" name=\"EMAIL\" class=\"required email\" id=\"mce-EMAIL\" required=\"\" value=\"\"><\/div><div class=\"mc-field-group\"><label for=\"mce-COMPANY\">Fyrirt\u00e6ki <\/label><input type=\"text\" name=\"COMPANY\" class=\"text\" id=\"mce-COMPANY\" value=\"\"><\/div><div class=\"mc-field-group input-group\"><strong>Vinsamlega sta\u00f0festi\u00f0 m\u00e6tingu:<\/strong><ul><li><input type=\"checkbox\" name=\"group[404646][1]\" id=\"mce-group[404646]-404646-0\" value=\"\"><label for=\"mce-group[404646]-404646-0\">\u00c9g m\u00e6ti<\/label><\/li><li><input type=\"checkbox\" name=\"group[404646][2]\" id=\"mce-group[404646]-404646-1\" value=\"\"><label for=\"mce-group[404646]-404646-1\">\u00c9g m\u00e6ti og \u00feigg veitingar \u00ed lok fundar<\/label><\/li><\/ul><\/div>\n        <div id=\"mce-responses\" class=\"clear\">\n            <div class=\"response\" id=\"mce-error-response\" style=\"display: none;\"><\/div>\n            <div class=\"response\" id=\"mce-success-response\" style=\"display: none;\"><\/div>\n        <\/div><div aria-hidden=\"true\" style=\"position: absolute; left: -5000px;\"><input type=\"text\" name=\"b_4f86ad1f90e75642f61c7b3a2_57c76a1890\" tabindex=\"-1\" value=\"\"><\/div><div class=\"clear\"><input type=\"submit\" name=\"subscribe\" id=\"mc-embedded-subscribe\" class=\"button\" value=\"Skr\u00e1 mig\"><\/div>\n    <\/div>\n<input type=\"hidden\" name=\"trp-form-language\" value=\"en\"\/><\/form>\n<\/div>\n<script type=\"text\/javascript\" src=\"\/\/s3.amazonaws.com\/downloads.mailchimp.com\/js\/mc-validate.js\"><\/script><script type=\"text\/javascript\">(function($) {window.fnames = new Array(); window.ftypes = new Array();fnames[1]='FNAME';ftypes[1]='text';fnames[0]='EMAIL';ftypes[0]='email';fnames[6]='COMPANY';ftypes[6]='text';}(jQuery));var $mcj = jQuery.noConflict(true);<\/script><\/div>\t\t<\/div>\n\t\t\t\t<\/div>\n\t\t\t\t<div class=\"elementor-element elementor-element-5db1bd6 elementor-widget elementor-widget-text-editor\" data-id=\"5db1bd6\" data-element_type=\"widget\" data-widget_type=\"text-editor.default\">\n\t\t\t\t<div class=\"elementor-widget-container\">\n\t\t\t\t\t\t\t<h4>\u00c1 v\u00f6rukynningu ver\u00f0a kynntar n\u00fdjungar fr\u00e1 nokkrum af okkar helstu birgjum<\/h4>\t\t\t\t\t\t<\/div>\n\t\t\t\t<\/div>\n\t\t\t\t<div class=\"elementor-element elementor-element-0de61c9 elementor-widget elementor-widget-gallery\" data-id=\"0de61c9\" data-element_type=\"widget\" data-settings=\"{&quot;aspect_ratio&quot;:&quot;1:1&quot;,&quot;lazyload&quot;:&quot;yes&quot;,&quot;gallery_layout&quot;:&quot;grid&quot;,&quot;columns&quot;:4,&quot;columns_tablet&quot;:2,&quot;columns_mobile&quot;:1,&quot;gap&quot;:{&quot;unit&quot;:&quot;px&quot;,&quot;size&quot;:10,&quot;sizes&quot;:[]},&quot;gap_tablet&quot;:{&quot;unit&quot;:&quot;px&quot;,&quot;size&quot;:10,&quot;sizes&quot;:[]},&quot;gap_mobile&quot;:{&quot;unit&quot;:&quot;px&quot;,&quot;size&quot;:10,&quot;sizes&quot;:[]},&quot;content_hover_animation&quot;:&quot;fade-in&quot;}\" data-widget_type=\"gallery.default\">\n\t\t\t\t<div class=\"elementor-widget-container\">\n\t\t\t\t\t<div class=\"elementor-gallery__container\">\n\t\t\t\t\t\t\t<div class=\"e-gallery-item elementor-gallery-item elementor-animated-content\">\n\t\t\t\t\t<div class=\"e-gallery-image elementor-gallery-item__image\" data-thumbnail=\"https:\/\/hd.is\/wp-content\/uploads\/2025\/04\/Frame-326.png\" data-width=\"200\" data-height=\"200\" alt=\"\" ><\/div>\n\t\t\t\t\t\t\t\t\t\t\t\t\t\t<\/div>\n\t\t\t\t\t\t\t<div class=\"e-gallery-item elementor-gallery-item elementor-animated-content\">\n\t\t\t\t\t<div class=\"e-gallery-image elementor-gallery-item__image\" data-thumbnail=\"https:\/\/hd.is\/wp-content\/uploads\/2025\/04\/Frame-334.png\" data-width=\"200\" data-height=\"200\" alt=\"\" ><\/div>\n\t\t\t\t\t\t\t\t\t\t\t\t\t\t<\/div>\n\t\t\t\t\t\t\t<div class=\"e-gallery-item elementor-gallery-item elementor-animated-content\">\n\t\t\t\t\t<div class=\"e-gallery-image elementor-gallery-item__image\" data-thumbnail=\"https:\/\/hd.is\/wp-content\/uploads\/2025\/04\/Frame-333.png\" data-width=\"200\" data-height=\"200\" alt=\"\" ><\/div>\n\t\t\t\t\t\t\t\t\t\t\t\t\t\t<\/div>\n\t\t\t\t\t\t\t<div class=\"e-gallery-item elementor-gallery-item elementor-animated-content\">\n\t\t\t\t\t<div class=\"e-gallery-image elementor-gallery-item__image\" data-thumbnail=\"https:\/\/hd.is\/wp-content\/uploads\/2025\/04\/Frame-332.png\" data-width=\"200\" data-height=\"200\" alt=\"\" ><\/div>\n\t\t\t\t\t\t\t\t\t\t\t\t\t\t<\/div>\n\t\t\t\t\t\t\t<div class=\"e-gallery-item elementor-gallery-item elementor-animated-content\">\n\t\t\t\t\t<div class=\"e-gallery-image elementor-gallery-item__image\" data-thumbnail=\"https:\/\/hd.is\/wp-content\/uploads\/2025\/04\/Frame-331.png\" data-width=\"200\" data-height=\"200\" alt=\"\" ><\/div>\n\t\t\t\t\t\t\t\t\t\t\t\t\t\t<\/div>\n\t\t\t\t\t\t\t<div class=\"e-gallery-item elementor-gallery-item elementor-animated-content\">\n\t\t\t\t\t<div class=\"e-gallery-image elementor-gallery-item__image\" data-thumbnail=\"https:\/\/hd.is\/wp-content\/uploads\/2025\/04\/Frame-330.png\" data-width=\"200\" data-height=\"200\" alt=\"\" ><\/div>\n\t\t\t\t\t\t\t\t\t\t\t\t\t\t<\/div>\n\t\t\t\t\t\t\t<div class=\"e-gallery-item elementor-gallery-item elementor-animated-content\">\n\t\t\t\t\t<div class=\"e-gallery-image elementor-gallery-item__image\" data-thumbnail=\"https:\/\/hd.is\/wp-content\/uploads\/2025\/04\/Frame-329.png\" data-width=\"200\" data-height=\"200\" alt=\"\" ><\/div>\n\t\t\t\t\t\t\t\t\t\t\t\t\t\t<\/div>\n\t\t\t\t\t\t\t<div class=\"e-gallery-item elementor-gallery-item elementor-animated-content\">\n\t\t\t\t\t<div class=\"e-gallery-image elementor-gallery-item__image\" data-thumbnail=\"https:\/\/hd.is\/wp-content\/uploads\/2025\/04\/Frame-328.png\" data-width=\"200\" data-height=\"200\" alt=\"\" ><\/div>\n\t\t\t\t\t\t\t\t\t\t\t\t\t\t<\/div>\n\t\t\t\t\t\t\t<div class=\"e-gallery-item elementor-gallery-item elementor-animated-content\">\n\t\t\t\t\t<div class=\"e-gallery-image elementor-gallery-item__image\" data-thumbnail=\"https:\/\/hd.is\/wp-content\/uploads\/2025\/04\/Frame-327.png\" data-width=\"200\" data-height=\"200\" alt=\"\" ><\/div>\n\t\t\t\t\t\t\t\t\t\t\t\t\t\t<\/div>\n\t\t\t\t\t\t\t<div class=\"e-gallery-item elementor-gallery-item elementor-animated-content\">\n\t\t\t\t\t<div class=\"e-gallery-image elementor-gallery-item__image\" data-thumbnail=\"https:\/\/hd.is\/wp-content\/uploads\/2025\/04\/Frame-335.png\" data-width=\"200\" data-height=\"200\" alt=\"\" ><\/div>\n\t\t\t\t\t\t\t\t\t\t\t\t\t\t<\/div>\n\t\t\t\t\t<\/div>\n\t\t\t<\/div>\n\t\t\t\t<\/div>\n\t\t\t\t\t<\/div>\n\t\t<\/div>\n\t\t\t\t<div class=\"elementor-column elementor-col-50 elementor-top-column elementor-element elementor-element-66c60e9\" data-id=\"66c60e9\" data-element_type=\"column\">\n\t\t\t<div class=\"elementor-widget-wrap elementor-element-populated\">\n\t\t\t\t\t\t\t\t<div class=\"elementor-element elementor-element-16b08f6 elementor-widget elementor-widget-theme-post-featured-image elementor-widget-image\" data-id=\"16b08f6\" data-element_type=\"widget\" data-widget_type=\"theme-post-featured-image.default\">\n\t\t\t\t<div class=\"elementor-widget-container\">\n\t\t\t\t\t\t\t\t\t\t\t\t\t\t\t<img width=\"800\" height=\"600\" src=\"https:\/\/hd.is\/wp-content\/uploads\/2025\/03\/vidburd-mynd-1.jpg\" class=\"attachment-large size-large\" alt=\"\" loading=\"lazy\" srcset=\"https:\/\/hd.is\/wp-content\/uploads\/2025\/03\/vidburd-mynd-1.jpg 1024w, https:\/\/hd.is\/wp-content\/uploads\/2025\/03\/vidburd-mynd-1-300x225.jpg 300w, https:\/\/hd.is\/wp-content\/uploads\/2025\/03\/vidburd-mynd-1-768x576.jpg 768w, https:\/\/hd.is\/wp-content\/uploads\/2025\/03\/vidburd-mynd-1-16x12.jpg 16w\" sizes=\"(max-width: 800px) 100vw, 800px\" \/>\t\t\t\t\t\t\t\t\t\t\t\t\t\t\t<\/div>\n\t\t\t\t<\/div>\n\t\t\t\t\t<\/div>\n\t\t<\/div>\n\t\t\t\t\t\t\t<\/div>\n\t\t<\/section>\n\t\t\t\t\t\t\t<\/div>","protected":false},"excerpt":{"rendered":"<p>Vel heppna\u00f0ur HD Dagur\u00a0 HD Dagurinn f\u00f3r fram 10. apr\u00edl 2025 og heppna\u00f0ist fr\u00e1b\u00e6rlega. Gestir komu v\u00ed\u00f0a a\u00f0 og \u00far \u00f6llum \u00feeim atvinnugreinum sem HD \u00fej\u00f3nustar. Vi\u00f0bur\u00f0urinn sameina\u00f0i fr\u00e6\u00f0andi erindi, kynningu \u00e1 t\u00e6knin\u00fdjungum og g\u00f3\u00f0 samt\u00f6l milli gesta, s\u00e9rfr\u00e6\u00f0inga HD og erlendra birgja. Erindi dagsins beindust a\u00f0 lykil\u00e1herslum \u00ed starfsemi HD \u2013 \u00f6flugri og s\u00e9rh\u00e6f\u00f0ri [&hellip;]<\/p>","protected":false},"author":4,"featured_media":7320,"parent":731,"menu_order":5,"comment_status":"closed","ping_status":"closed","template":"","meta":{"button-type":"None","external-link-url":"","video-lightbox-url":"","button-color":"#FFD200","button-text":""},"_links":{"self":[{"href":"https:\/\/hd.is\/en\/wp-json\/wp\/v2\/pages\/7317"}],"collection":[{"href":"https:\/\/hd.is\/en\/wp-json\/wp\/v2\/pages"}],"about":[{"href":"https:\/\/hd.is\/en\/wp-json\/wp\/v2\/types\/page"}],"author":[{"embeddable":true,"href":"https:\/\/hd.is\/en\/wp-json\/wp\/v2\/users\/4"}],"replies":[{"embeddable":true,"href":"https:\/\/hd.is\/en\/wp-json\/wp\/v2\/comments?post=7317"}],"version-history":[{"count":86,"href":"https:\/\/hd.is\/en\/wp-json\/wp\/v2\/pages\/7317\/revisions"}],"predecessor-version":[{"id":8418,"href":"https:\/\/hd.is\/en\/wp-json\/wp\/v2\/pages\/7317\/revisions\/8418"}],"up":[{"embeddable":true,"href":"https:\/\/hd.is\/en\/wp-json\/wp\/v2\/pages\/731"}],"wp:featuredmedia":[{"embeddable":true,"href":"https:\/\/hd.is\/en\/wp-json\/wp\/v2\/media\/7320"}],"wp:attachment":[{"href":"https:\/\/hd.is\/en\/wp-json\/wp\/v2\/media?parent=7317"}],"curies":[{"name":"wp","href":"https:\/\/api.w.org\/{rel}","templated":true}]}}