{"id":2596,"date":"2022-02-21T10:20:35","date_gmt":"2022-02-21T10:20:35","guid":{"rendered":"https:\/\/hd.studiomango.is\/?page_id=2596"},"modified":"2022-05-25T11:34:33","modified_gmt":"2022-05-25T11:34:33","slug":"abendingar","status":"publish","type":"page","link":"https:\/\/hd.is\/en\/fyrirtaekid\/abendingar\/","title":{"rendered":"Suggestions &amp; NCs"},"content":{"rendered":"<div data-elementor-type=\"wp-page\" data-elementor-id=\"2596\" class=\"elementor elementor-2596\">\n\t\t\t\t\t\t\t\t\t<section class=\"elementor-section elementor-top-section elementor-element elementor-element-2d8fe82 elementor-section-boxed elementor-section-height-default elementor-section-height-default\" data-id=\"2d8fe82\" data-element_type=\"section\" data-settings=\"{&quot;background_background&quot;:&quot;gradient&quot;,&quot;jet_parallax_layout_list&quot;:[]}\">\n\t\t\t\t\t\t<div class=\"elementor-container elementor-column-gap-no\">\n\t\t\t\t\t<div class=\"elementor-column elementor-col-100 elementor-top-column elementor-element elementor-element-520ab40\" data-id=\"520ab40\" data-element_type=\"column\" data-settings=\"{&quot;background_background&quot;:&quot;classic&quot;}\">\n\t\t\t<div class=\"elementor-widget-wrap elementor-element-populated\">\n\t\t\t\t\t\t\t\t<div class=\"elementor-element elementor-element-2effc8a elementor-widget__width-auto elementor-widget-mobile__width-auto elementor-absolute elementor-widget elementor-widget-shortcode\" data-id=\"2effc8a\" data-element_type=\"widget\" data-settings=\"{&quot;_position&quot;:&quot;absolute&quot;}\" data-widget_type=\"shortcode.default\">\n\t\t\t\t<div class=\"elementor-widget-container\">\n\t\t\t\t\t<div class=\"elementor-shortcode\"><nav aria-label=\"breadcrumbs\" class=\"rank-math-breadcrumb\"><p><span class=\"last\">HD<\/span><\/p><\/nav><\/div>\n\t\t\t\t<\/div>\n\t\t\t\t<\/div>\n\t\t\t\t<div class=\"elementor-element elementor-element-2caf2ea elementor-widget elementor-widget-heading\" data-id=\"2caf2ea\" data-element_type=\"widget\" data-widget_type=\"heading.default\">\n\t\t\t\t<div class=\"elementor-widget-container\">\n\t\t\t<h1 class=\"elementor-heading-title elementor-size-default\">Suggestions &amp; NCs<\/h1>\t\t<\/div>\n\t\t\t\t<\/div>\n\t\t\t\t\t<\/div>\n\t\t<\/div>\n\t\t\t\t\t\t\t<\/div>\n\t\t<\/section>\n\t\t\t\t<section class=\"elementor-section elementor-top-section elementor-element elementor-element-744b49f elementor-reverse-tablet elementor-reverse-mobile elementor-section-boxed elementor-section-height-default elementor-section-height-default\" data-id=\"744b49f\" data-element_type=\"section\" data-settings=\"{&quot;jet_parallax_layout_list&quot;:[]}\">\n\t\t\t\t\t\t<div class=\"elementor-container elementor-column-gap-no\">\n\t\t\t\t\t<div class=\"elementor-column elementor-col-50 elementor-top-column elementor-element elementor-element-b47dbb0\" data-id=\"b47dbb0\" data-element_type=\"column\" data-settings=\"{&quot;background_background&quot;:&quot;classic&quot;}\">\n\t\t\t<div class=\"elementor-widget-wrap elementor-element-populated\">\n\t\t\t\t\t\t\t\t<div class=\"elementor-element elementor-element-9a8fb00 elementor-widget elementor-widget-text-editor\" data-id=\"9a8fb00\" data-element_type=\"widget\" data-widget_type=\"text-editor.default\">\n\t\t\t\t<div class=\"elementor-widget-container\">\n\t\t\t\t\t\t\t<p>We surely want to hear what we do well, but it\u2018s also very valuable to know what we could do better and we therefore welcome any suggestion.<\/p><p><span lang=\"EN-GB\" style=\"color: var( --e-global-color-text ); font-family: var( --e-global-typography-9232ffe-font-family ), Sans-serif; font-weight: var( --e-global-typography-9232ffe-font-weight ); letter-spacing: var( --e-global-typography-9232ffe-letter-spacing ); word-spacing: var( --e-global-typography-9232ffe-word-spacing ); background-color: var( --e-global-color-b4e6f3c ); font-size: 14pt;\"> Safety is our first priority. We want to prevent accidents by responding to hazardous circumstances and\/or behaviour and by analysing the causes of nearmisses. If an accident does happen, we want to learn from it to prevent it from repeating.<\/span><\/p>\t\t\t\t\t\t<\/div>\n\t\t\t\t<\/div>\n\t\t\t\t<div class=\"elementor-element elementor-element-5258a54 elementor-widget elementor-widget-button\" data-id=\"5258a54\" data-element_type=\"widget\" data-no-translation=\"\" data-widget_type=\"button.default\">\n\t\t\t\t<div class=\"elementor-widget-container\">\n\t\t\t<style>.elementor-element-5258a54{display:none !important}<\/style>\t\t<\/div>\n\t\t\t\t<\/div>\n\t\t\t\t<div class=\"elementor-element elementor-element-f8a4181 elementor-widget elementor-widget-button\" data-id=\"f8a4181\" data-element_type=\"widget\" data-no-translation=\"\" data-widget_type=\"button.default\">\n\t\t\t\t<div class=\"elementor-widget-container\">\n\t\t\t\t\t<div class=\"elementor-button-wrapper\">\n\t\t\t<a href=\"https:\/\/hd.is\/abendingar\/\" target=\"_blank\" rel=\"nofollow\" class=\"elementor-button-link elementor-button elementor-size-sm\" role=\"button\">\n\t\t\t\t\t\t<span class=\"elementor-button-content-wrapper\">\n\t\t\t\t\t\t\t<span class=\"elementor-button-icon elementor-align-icon-right\">\n\t\t\t\t<svg width=\"16\" height=\"28\" viewbox=\"0 0 16 28\" fill=\"none\" xmlns=\"http:\/\/www.w3.org\/2000\/svg\">\n<path d=\"M16 14L1.88235 0L1.50173e-06 1.86666L12.2353 14L0 26.1333L1.88235 28L16 14Z\" fill=\"url(#paint0_linear_159_2820)\"\/>\n<defs>\n<lineargradient id=\"paint0_linear_159_2820\" x1=\"15.9723\" y1=\"13.8593\" x2=\"-4.7026e-07\" y2=\"13.8593\" gradientunits=\"userSpaceOnUse\">\n<stop stop-color=\"#0B0B0B\"\/>\n<stop offset=\"1\" stop-color=\"#0B0B0B\" stop-opacity=\"0\"\/>\n<\/lineargradient>\n<\/defs>\n<\/svg>\n\t\t\t<\/span>\n\t\t\t\t\t\t<span class=\"elementor-button-text\">Help us to do better, let us know. <\/span>\n\t\t<\/span>\n\t\t\t\t\t<\/a>\n\t\t<\/div>\n\t\t\t\t<\/div>\n\t\t\t\t<\/div>\n\t\t\t\t\t<\/div>\n\t\t<\/div>\n\t\t\t\t<div class=\"elementor-column elementor-col-50 elementor-top-column elementor-element elementor-element-66c60e9\" data-id=\"66c60e9\" data-element_type=\"column\">\n\t\t\t<div class=\"elementor-widget-wrap elementor-element-populated\">\n\t\t\t\t\t\t\t\t<div class=\"elementor-element elementor-element-16b08f6 elementor-widget elementor-widget-theme-post-featured-image elementor-widget-image\" data-id=\"16b08f6\" data-element_type=\"widget\" data-widget_type=\"theme-post-featured-image.default\">\n\t\t\t\t<div class=\"elementor-widget-container\">\n\t\t\t\t\t\t\t\t\t\t\t\t\t\t\t<img width=\"800\" height=\"533\" src=\"https:\/\/hd.is\/wp-content\/uploads\/2022\/01\/regular-monitoring.jpg\" class=\"attachment-large size-large\" alt=\"\" loading=\"lazy\" srcset=\"https:\/\/hd.is\/wp-content\/uploads\/2022\/01\/regular-monitoring.jpg 800w, https:\/\/hd.is\/wp-content\/uploads\/2022\/01\/regular-monitoring-300x200.jpg 300w, https:\/\/hd.is\/wp-content\/uploads\/2022\/01\/regular-monitoring-768x512.jpg 768w\" sizes=\"(max-width: 800px) 100vw, 800px\" \/>\t\t\t\t\t\t\t\t\t\t\t\t\t\t\t<\/div>\n\t\t\t\t<\/div>\n\t\t\t\t\t<\/div>\n\t\t<\/div>\n\t\t\t\t\t\t\t<\/div>\n\t\t<\/section>\n\t\t\t\t\t\t\t<\/div>","protected":false},"excerpt":{"rendered":"<p>Vi\u00f0 viljum gjarnan heyra hva\u00f0 vi\u00f0 gerum vel en \u00fea\u00f0 er l\u00edka d\u00fdrm\u00e6tt a\u00f0 vita af \u00fev\u00ed sem vi\u00f0 getum gert betur og t\u00f6kum \u00fev\u00ed fagnandi \u00e1 m\u00f3ti \u00e1bendingum. \u00d6ryggi er okkar hjartans m\u00e1l. Me\u00f0 \u00fev\u00ed a\u00f0 breg\u00f0ast vi\u00f0 h\u00e6ttulegum a\u00f0st\u00e6\u00f0um og heg\u00f0un og me\u00f0 \u00fev\u00ed a\u00f0 greina orsakir n\u00e6stumslysa viljum vi\u00f0 komi\u00f0 \u00ed veg [&hellip;]<\/p>","protected":false},"author":5,"featured_media":186,"parent":731,"menu_order":2,"comment_status":"closed","ping_status":"closed","template":"","meta":{"button-type":"","external-link-url":"","video-lightbox-url":"","button-color":"","button-text":""},"_links":{"self":[{"href":"https:\/\/hd.is\/en\/wp-json\/wp\/v2\/pages\/2596"}],"collection":[{"href":"https:\/\/hd.is\/en\/wp-json\/wp\/v2\/pages"}],"about":[{"href":"https:\/\/hd.is\/en\/wp-json\/wp\/v2\/types\/page"}],"author":[{"embeddable":true,"href":"https:\/\/hd.is\/en\/wp-json\/wp\/v2\/users\/5"}],"replies":[{"embeddable":true,"href":"https:\/\/hd.is\/en\/wp-json\/wp\/v2\/comments?post=2596"}],"version-history":[{"count":52,"href":"https:\/\/hd.is\/en\/wp-json\/wp\/v2\/pages\/2596\/revisions"}],"predecessor-version":[{"id":5996,"href":"https:\/\/hd.is\/en\/wp-json\/wp\/v2\/pages\/2596\/revisions\/5996"}],"up":[{"embeddable":true,"href":"https:\/\/hd.is\/en\/wp-json\/wp\/v2\/pages\/731"}],"wp:featuredmedia":[{"embeddable":true,"href":"https:\/\/hd.is\/en\/wp-json\/wp\/v2\/media\/186"}],"wp:attachment":[{"href":"https:\/\/hd.is\/en\/wp-json\/wp\/v2\/media?parent=2596"}],"curies":[{"name":"wp","href":"https:\/\/api.w.org\/{rel}","templated":true}]}}