{"id":2420,"date":"2022-02-20T19:18:43","date_gmt":"2022-02-20T19:18:43","guid":{"rendered":"https:\/\/hd.studiomango.is\/?page_id=2420"},"modified":"2026-03-04T12:53:08","modified_gmt":"2026-03-04T12:53:08","slug":"um-okkur","status":"publish","type":"page","link":"https:\/\/hd.is\/en\/fyrirtaekid\/um-okkur\/","title":{"rendered":"About HD"},"content":{"rendered":"<div data-elementor-type=\"wp-page\" data-elementor-id=\"2420\" class=\"elementor elementor-2420\">\n\t\t\t\t\t\t\t\t\t<section class=\"elementor-section elementor-top-section elementor-element elementor-element-2d8fe82 elementor-section-boxed elementor-section-height-default elementor-section-height-default\" data-id=\"2d8fe82\" data-element_type=\"section\" data-settings=\"{&quot;background_background&quot;:&quot;gradient&quot;,&quot;jet_parallax_layout_list&quot;:[]}\">\n\t\t\t\t\t\t<div class=\"elementor-container elementor-column-gap-no\">\n\t\t\t\t\t<div class=\"elementor-column elementor-col-100 elementor-top-column elementor-element elementor-element-520ab40\" data-id=\"520ab40\" data-element_type=\"column\" data-settings=\"{&quot;background_background&quot;:&quot;classic&quot;}\">\n\t\t\t<div class=\"elementor-widget-wrap elementor-element-populated\">\n\t\t\t\t\t\t\t\t<div class=\"elementor-element elementor-element-2effc8a elementor-widget__width-auto elementor-widget-mobile__width-auto elementor-absolute elementor-widget elementor-widget-shortcode\" data-id=\"2effc8a\" data-element_type=\"widget\" data-settings=\"{&quot;_position&quot;:&quot;absolute&quot;}\" data-widget_type=\"shortcode.default\">\n\t\t\t\t<div class=\"elementor-widget-container\">\n\t\t\t\t\t<div class=\"elementor-shortcode\"><nav aria-label=\"breadcrumbs\" class=\"rank-math-breadcrumb\"><p><span class=\"last\">HD<\/span><\/p><\/nav><\/div>\n\t\t\t\t<\/div>\n\t\t\t\t<\/div>\n\t\t\t\t<div class=\"elementor-element elementor-element-2caf2ea elementor-widget elementor-widget-heading\" data-id=\"2caf2ea\" data-element_type=\"widget\" data-widget_type=\"heading.default\">\n\t\t\t\t<div class=\"elementor-widget-container\">\n\t\t\t<h1 class=\"elementor-heading-title elementor-size-default\">About HD<\/h1>\t\t<\/div>\n\t\t\t\t<\/div>\n\t\t\t\t\t<\/div>\n\t\t<\/div>\n\t\t\t\t\t\t\t<\/div>\n\t\t<\/section>\n\t\t\t\t<section class=\"elementor-section elementor-top-section elementor-element elementor-element-744b49f elementor-reverse-tablet elementor-reverse-mobile elementor-section-boxed elementor-section-height-default elementor-section-height-default\" data-id=\"744b49f\" data-element_type=\"section\" data-settings=\"{&quot;jet_parallax_layout_list&quot;:[]}\">\n\t\t\t\t\t\t<div class=\"elementor-container elementor-column-gap-no\">\n\t\t\t\t\t<div class=\"elementor-column elementor-col-50 elementor-top-column elementor-element elementor-element-b47dbb0\" data-id=\"b47dbb0\" data-element_type=\"column\" data-settings=\"{&quot;background_background&quot;:&quot;classic&quot;}\">\n\t\t\t<div class=\"elementor-widget-wrap elementor-element-populated\">\n\t\t\t\t\t\t\t\t<div class=\"elementor-element elementor-element-9a8fb00 elementor-widget elementor-widget-text-editor\" data-id=\"9a8fb00\" data-element_type=\"widget\" data-widget_type=\"text-editor.default\">\n\t\t\t\t<div class=\"elementor-widget-container\">\n\t\t\t\t\t\t\t<p><strong>HD is one of the largest industrial and technical companies in Iceland and a leader in metal technology, machinery, steel fabrication, and technical services.<\/strong> <strong>We serve the fishing industry, aquaculture, the energy sector, and environmentally related industries across the country with specialized and reliable solutions.<\/strong><\/p><p>The company traces its roots back to Hamar ehf. (founded in 1998) and has grown rapidly following the merger with Deilir Technical Services, NDT ehf., and V\u00e9lar ehf. United under the name HD, we have become a strong and experienced service provider, today ranking among the largest companies in the country within our field.<\/p><p>HD now offers a wider range of products and services than ever before, including general steel and machine fabrication, technical condition analysis and continuous monitoring of machinery, design and construction of pump and piping systems, maintenance of geothermal turbines and generators, import and installation of equipment, spare parts procurement, and specialized technical services.<\/p>\t\t\t\t\t\t<\/div>\n\t\t\t\t<\/div>\n\t\t\t\t<div class=\"elementor-element elementor-element-98e04fd elementor-widget elementor-widget-image\" data-id=\"98e04fd\" data-element_type=\"widget\" data-widget_type=\"image.default\">\n\t\t\t\t<div class=\"elementor-widget-container\">\n\t\t\t\t\t\t\t\t\t\t\t\t\t\t\t\t<a href=\"https:\/\/hd.is\/wp-content\/uploads\/2026\/03\/Skipurit-040326.jpg\" data-elementor-open-lightbox=\"yes\" data-elementor-lightbox-title=\"Skipurit 040326\" e-action-hash=\"#elementor-action%3Aaction%3Dlightbox%26settings%3DeyJpZCI6OTI2NywidXJsIjoiaHR0cHM6XC9cL2hkLmlzXC93cC1jb250ZW50XC91cGxvYWRzXC8yMDI2XC8wM1wvU2tpcHVyaXQtMDQwMzI2LmpwZyJ9\">\n\t\t\t\t\t\t\t<img width=\"1530\" height=\"787\" src=\"https:\/\/hd.is\/wp-content\/uploads\/2026\/03\/Skipurit-040326.jpg\" class=\"attachment-2048x2048 size-2048x2048\" alt=\"\" loading=\"lazy\" srcset=\"https:\/\/hd.is\/wp-content\/uploads\/2026\/03\/Skipurit-040326.jpg 1530w, https:\/\/hd.is\/wp-content\/uploads\/2026\/03\/Skipurit-040326-300x154.jpg 300w, https:\/\/hd.is\/wp-content\/uploads\/2026\/03\/Skipurit-040326-1024x527.jpg 1024w, https:\/\/hd.is\/wp-content\/uploads\/2026\/03\/Skipurit-040326-768x395.jpg 768w, https:\/\/hd.is\/wp-content\/uploads\/2026\/03\/Skipurit-040326-18x9.jpg 18w\" sizes=\"(max-width: 1530px) 100vw, 1530px\" \/>\t\t\t\t\t\t\t\t<\/a>\n\t\t\t\t\t\t\t\t\t\t\t\t\t\t\t<\/div>\n\t\t\t\t<\/div>\n\t\t\t\t<div class=\"elementor-element elementor-element-0b9e45f elementor-widget elementor-widget-text-editor\" data-id=\"0b9e45f\" data-element_type=\"widget\" data-widget_type=\"text-editor.default\">\n\t\t\t\t<div class=\"elementor-widget-container\">\n\t\t\t\t\t\t\t<p>We have deep roots in the fishing industry and serve it at all stages of the value chain. Services to the aquaculture sector have increased significantly in recent years, with solutions that support this rapidly growing industry. One of HD\u2019s largest service areas, however, is connected to power plants and heavy industry, where we provide regular maintenance of machinery and piping systems in power stations and utilities. We have also developed specialized services for carbon capture and other environmentally related industrial activities.<\/p><p>Each HD site specializes in a specific range of services and is equipped with the tools and facilities to support that specialization. Among other things, we operate a workshop dedicated to maintaining geothermal turbines, generators, and other key systems in the energy sector, as well as the largest hydraulic jack workshop in the country.<\/p><p>HD employs over two hundred people with diverse experience and specialized training in the inspection and maintenance of machinery and infrastructure.<\/p><p data-start=\"70\" data-end=\"407\">We have expertise in the latest condition-monitoring technologies \u2014 including 3D scanning, continuous monitoring, and non-destructive testing (NDT) \u2014 enabling us to detect faults in machinery before they cause problems. This allows us to minimize downtime, extend the lifespan of equipment, and ensure safe, efficient, and reliable operations for our clients.<\/p><p>HD is a well-managed, forward-thinking, and solution-driven company with a strong foundation in Icelandic industry. We work systematically to build trust, responsibility, and long-term partnerships \u2014 and when projects demand it, we respond quickly and professionally so our clients can focus on their core operations.<\/p><p>HD operates an ISO 9001-2015 certified quality management system and is certified for equal pay. We place strong emphasis on enhancing the education and expertise of our staff, ensuring pay equality, and promoting a healthy work\u2013life balance. Our values \u2014 safety, integrity, service-mindedness, and professionalism \u2014 guide all our activities, both internally and in service to our clients. Our goal is to be the first choice for clients in metal technology, machinery, steel fabrication, and technical services nationwide.<\/p><p>On behalf of HD ehf.\u00a0 <br \/>\u00c1rni Rafn G\u00edslason\nCEO<\/p>\t\t\t\t\t\t<\/div>\n\t\t\t\t<\/div>\n\t\t\t\t<div class=\"elementor-element elementor-element-4da016f elementor-widget__width-auto elementor-widget elementor-widget-uael-modal-popup\" data-id=\"4da016f\" data-element_type=\"widget\" data-widget_type=\"uael-modal-popup.default\">\n\t\t\t\t<div class=\"elementor-widget-container\">\n\t\t\t<div id=\"4da016f-overlay\" data-trigger-on=\"button\" data-close-on-esc=\"yes\" data-close-on-overlay=\"yes\" data-exit-intent=\"no\" data-after-sec=\"no\" data-after-sec-val=\"1\" data-cookies=\"no\" data-cookies-days=\"1\" data-cookies-type=\"default\" data-custom=\"\" data-custom-id=\"\" data-content=\"video\" data-autoplay=\"no\" data-device=\"false\" data-async=\"\" class=\"uael-modal-parent-wrapper uael-module-content uamodal-4da016f uael-aspect-ratio-16_9 -popup\">\n\t<div id=\"modal-4da016f\" class=\"uael-modal uael-center-modal uael-modal-custom uael-modal-video uael-effect-1   uael-aspect-ratio-16_9\">\n\t\t<div class=\"uael-content\">\n\t\t\t\t\t\t<div class=\"uael-modal-text uael-modal-content-data clearfix\">\n\t\t\t<iframe loading=\"lazy\" title=\"HD_Hrings&amp;oacute;l_Islenska\" src=\"https:\/\/player.vimeo.com\/video\/732465409?h=5ffa89e8a5&amp;dnt=1&amp;app_id=122963\" width=\"800\" height=\"450\" frameborder=\"0\" allow=\"autoplay; fullscreen; picture-in-picture\" allowfullscreen><\/iframe>\t\t\t<\/div>\n\t\t<\/div>\n\t<\/div>\n\n\t\r\n\t\t<span class=\"uael-modal-close uael-close-icon elementor-clickable uael-close-custom-top-right\" >\r\n\t\t<svg xmlns=\"http:\/\/www.w3.org\/2000\/svg\" width=\"36\" height=\"29\" viewbox=\"0 0 36 29\" fill=\"none\"><rect x=\"3.85785\" y=\"25.4558\" width=\"36\" height=\"4\" transform=\"rotate(-45 3.85785 25.4558)\" fill=\"url(#paint0_linear_244_1733)\"><\/rect><rect x=\"6.82843\" y=\"0.14209\" width=\"36\" height=\"4\" transform=\"rotate(45 6.82843 0.14209)\" fill=\"url(#paint1_linear_244_1733)\"><\/rect><defs><lineargradient id=\"paint0_linear_244_1733\" x1=\"21.0007\" y1=\"29.4558\" x2=\"39.8578\" y2=\"29.4558\" gradientunits=\"userSpaceOnUse\"><stop stop-color=\"white\"><\/stop><stop offset=\"1\" stop-opacity=\"0\" stop-color=\"white\"><\/stop><\/lineargradient><lineargradient id=\"paint1_linear_244_1733\" x1=\"23.9713\" y1=\"4.14209\" x2=\"42.8284\" y2=\"4.14209\" gradientunits=\"userSpaceOnUse\"><stop stop-color=\"white\"><\/stop><stop offset=\"1\" stop-opacity=\"0\" stop-color=\"white\"><\/stop><\/lineargradient><\/defs><\/svg>\t\t<\/span>\r\n\t\t\t<div class=\"uael-overlay\"><\/div>\n<\/div>\n\n<div class=\"uael-modal-action-wrap\">\n\t\t\t<div class=\"uael-button-wrapper elementor-button-wrapper elementor-align-left\">\r\n\t\t\t<a href=\"javascript:void(0);\" class=\"uael-trigger elementor-button-link elementor-button elementor-clickable elementor-size-sm\" data-modal=\"4da016f\">\r\n\t\t\t\t\t\t<span class=\"elementor-button-content-wrapper\">\r\n\r\n\t\t\t\t\t\t\t\t\t\t\t\t<span class=\"elementor-align-icon-left elementor-button-icon\">\r\n\t\t\t\t\t\t<svg xmlns=\"http:\/\/www.w3.org\/2000\/svg\" width=\"24\" height=\"42\" viewbox=\"0 0 24 42\" fill=\"none\"><path d=\"M24 21L2.82353 0L2.2526e-06 2.8L18.3529 21L0 39.2L2.82353 42L24 21Z\" fill=\"url(#paint0_linear_4_346)\"><\/path><defs><lineargradient id=\"paint0_linear_4_346\" x1=\"23.9584\" y1=\"20.7889\" x2=\"-7.0539e-07\" y2=\"20.7889\" gradientunits=\"userSpaceOnUse\"><stop><\/stop><stop offset=\"1\" stop-opacity=\"0\"><\/stop><\/lineargradient><\/defs><\/svg>\t\t\t\t\t<\/span>\r\n\t\t\t\t\t\t\t\t\t\t\t<span class=\"elementor-button-text elementor-inline-editing\" data-elementor-setting-key=\"btn_text\" data-elementor-inline-editing-toolbar=\"none\" >Watch video<\/span>\r\n\t\t<\/span>\r\n\t\t\t\t\t<\/a>\r\n\t\t<\/div>\r\n\t\t<\/div>\n\t\t<\/div>\n\t\t\t\t<\/div>\n\t\t\t\t\t<\/div>\n\t\t<\/div>\n\t\t\t\t<div class=\"elementor-column elementor-col-50 elementor-top-column elementor-element elementor-element-66c60e9\" data-id=\"66c60e9\" data-element_type=\"column\">\n\t\t\t<div class=\"elementor-widget-wrap elementor-element-populated\">\n\t\t\t\t\t\t\t\t<div class=\"elementor-element elementor-element-16b08f6 elementor-widget elementor-widget-theme-post-featured-image elementor-widget-image\" data-id=\"16b08f6\" data-element_type=\"widget\" data-widget_type=\"theme-post-featured-image.default\">\n\t\t\t\t<div class=\"elementor-widget-container\">\n\t\t\t\t\t\t\t\t\t\t\t\t\t\t\t<img width=\"800\" height=\"600\" src=\"https:\/\/hd.is\/wp-content\/uploads\/2022\/03\/shutterstock_1728403660a-1024x768.jpg\" class=\"attachment-large size-large\" alt=\"\" loading=\"lazy\" srcset=\"https:\/\/hd.is\/wp-content\/uploads\/2022\/03\/shutterstock_1728403660a-1024x768.jpg 1024w, https:\/\/hd.is\/wp-content\/uploads\/2022\/03\/shutterstock_1728403660a-300x225.jpg 300w, https:\/\/hd.is\/wp-content\/uploads\/2022\/03\/shutterstock_1728403660a-768x576.jpg 768w\" sizes=\"(max-width: 800px) 100vw, 800px\" \/>\t\t\t\t\t\t\t\t\t\t\t\t\t\t\t<\/div>\n\t\t\t\t<\/div>\n\t\t\t\t\t<\/div>\n\t\t<\/div>\n\t\t\t\t\t\t\t<\/div>\n\t\t<\/section>\n\t\t\t\t\t\t\t<\/div>","protected":false},"excerpt":{"rendered":"<p>HD er eitt st\u00e6rsta i\u00f0n- og t\u00e6knifyrirt\u00e6ki landsins og lei\u00f0andi \u00e1 svi\u00f0i m\u00e1lmt\u00e6kni, v\u00e9lb\u00fana\u00f0ar, st\u00e1lsm\u00ed\u00f0i og t\u00e6kni\u00fej\u00f3nustu. Vi\u00f0 \u00fej\u00f3nustum sj\u00e1var\u00fatveg, fiskeldi, orkui\u00f0na\u00f0 og umhverfistengda starfsemi um allt land me\u00f0 s\u00e9rh\u00e6f\u00f0um og \u00e1rei\u00f0anlegum lausnum. Fyrirt\u00e6ki\u00f0 \u00e1 r\u00e6tur a\u00f0 rekja til Hamars ehf. (stofna\u00f0 1998) og hefur vaxi\u00f0 hratt eftir sameiningu vi\u00f0 Deili t\u00e6kni\u00fej\u00f3nustu, NDT ehf. og [&hellip;]<\/p>","protected":false},"author":5,"featured_media":4052,"parent":731,"menu_order":5,"comment_status":"closed","ping_status":"closed","template":"","meta":{"button-type":"None","external-link-url":"","video-lightbox-url":"","button-color":"#FFD200","button-text":""},"_links":{"self":[{"href":"https:\/\/hd.is\/en\/wp-json\/wp\/v2\/pages\/2420"}],"collection":[{"href":"https:\/\/hd.is\/en\/wp-json\/wp\/v2\/pages"}],"about":[{"href":"https:\/\/hd.is\/en\/wp-json\/wp\/v2\/types\/page"}],"author":[{"embeddable":true,"href":"https:\/\/hd.is\/en\/wp-json\/wp\/v2\/users\/5"}],"replies":[{"embeddable":true,"href":"https:\/\/hd.is\/en\/wp-json\/wp\/v2\/comments?post=2420"}],"version-history":[{"count":177,"href":"https:\/\/hd.is\/en\/wp-json\/wp\/v2\/pages\/2420\/revisions"}],"predecessor-version":[{"id":9270,"href":"https:\/\/hd.is\/en\/wp-json\/wp\/v2\/pages\/2420\/revisions\/9270"}],"up":[{"embeddable":true,"href":"https:\/\/hd.is\/en\/wp-json\/wp\/v2\/pages\/731"}],"wp:featuredmedia":[{"embeddable":true,"href":"https:\/\/hd.is\/en\/wp-json\/wp\/v2\/media\/4052"}],"wp:attachment":[{"href":"https:\/\/hd.is\/en\/wp-json\/wp\/v2\/media?parent=2420"}],"curies":[{"name":"wp","href":"https:\/\/api.w.org\/{rel}","templated":true}]}}